{"id":1219,"date":"2024-01-11T10:55:51","date_gmt":"2024-01-11T10:55:51","guid":{"rendered":"https:\/\/www.thai-massage-lanna.website\/index.php\/offres-speciales-2\/"},"modified":"2025-04-06T09:34:38","modified_gmt":"2025-04-06T09:34:38","slug":"offres-speciales-2","status":"publish","type":"page","link":"https:\/\/www.thai-massage-lanna.website\/fr\/offres-speciales-2\/","title":{"rendered":"Offres sp\u00e9ciales."},"content":{"rendered":"\t\t<div data-elementor-type=\"wp-page\" data-elementor-id=\"1219\" class=\"elementor elementor-1219 elementor-1143\">\n\t\t\t\t\t\t<section class=\"elementor-section elementor-top-section elementor-element elementor-element-00d369c elementor-section-boxed elementor-section-height-default elementor-section-height-default\" data-id=\"00d369c\" data-element_type=\"section\" data-e-type=\"section\">\n\t\t\t\t\t\t<div class=\"elementor-container elementor-column-gap-default\">\n\t\t\t\t\t<div class=\"elementor-column elementor-col-100 elementor-top-column elementor-element elementor-element-695970c\" data-id=\"695970c\" data-element_type=\"column\" data-e-type=\"column\">\n\t\t\t<div class=\"elementor-widget-wrap\">\n\t\t\t\t\t\t\t<\/div>\n\t\t<\/div>\n\t\t\t\t\t<\/div>\n\t\t<\/section>\n\t\t\t\t<section class=\"elementor-section elementor-top-section elementor-element elementor-element-7b4c891 elementor-section-boxed elementor-section-height-default elementor-section-height-default\" data-id=\"7b4c891\" data-element_type=\"section\" data-e-type=\"section\">\n\t\t\t\t\t\t<div class=\"elementor-container elementor-column-gap-default\">\n\t\t\t\t\t<div class=\"elementor-column elementor-col-100 elementor-top-column elementor-element elementor-element-113299e\" data-id=\"113299e\" data-element_type=\"column\" data-e-type=\"column\">\n\t\t\t<div class=\"elementor-widget-wrap elementor-element-populated\">\n\t\t\t\t\t\t<div class=\"elementor-element elementor-element-1928326 elementor-widget elementor-widget-heading\" data-id=\"1928326\" data-element_type=\"widget\" data-e-type=\"widget\" data-widget_type=\"heading.default\">\n\t\t\t\t<div class=\"elementor-widget-container\">\n\t\t\t\t\t<h2 class=\"elementor-heading-title elementor-size-large\">Massage en couple<\/h2>\t\t\t\t<\/div>\n\t\t\t\t<\/div>\n\t\t\t\t<div class=\"elementor-element elementor-element-83fb231 elementor-widget elementor-widget-image\" data-id=\"83fb231\" data-element_type=\"widget\" data-e-type=\"widget\" data-widget_type=\"image.default\">\n\t\t\t\t<div class=\"elementor-widget-container\">\n\t\t\t\t\t\t\t\t\t\t\t\t\t\t\t<img fetchpriority=\"high\" decoding=\"async\" width=\"696\" height=\"494\" src=\"https:\/\/www.thai-massage-lanna.website\/wp-content\/uploads\/2024\/04\/PvRCw_7a-768x545.jpg\" class=\"attachment-medium_large size-medium_large wp-image-1259\" alt=\"\" srcset=\"https:\/\/www.thai-massage-lanna.website\/wp-content\/uploads\/2024\/04\/PvRCw_7a-768x545.jpg 768w, https:\/\/www.thai-massage-lanna.website\/wp-content\/uploads\/2024\/04\/PvRCw_7a-300x213.jpg 300w, https:\/\/www.thai-massage-lanna.website\/wp-content\/uploads\/2024\/04\/PvRCw_7a-1024x726.jpg 1024w, https:\/\/www.thai-massage-lanna.website\/wp-content\/uploads\/2024\/04\/PvRCw_7a-1536x1090.jpg 1536w, https:\/\/www.thai-massage-lanna.website\/wp-content\/uploads\/2024\/04\/PvRCw_7a.jpg 1748w\" sizes=\"(max-width: 696px) 100vw, 696px\" \/>\t\t\t\t\t\t\t\t\t\t\t\t\t\t\t<\/div>\n\t\t\t\t<\/div>\n\t\t\t\t<div class=\"elementor-element elementor-element-2a928d6 elementor-widget elementor-widget-text-editor\" data-id=\"2a928d6\" data-element_type=\"widget\" data-e-type=\"widget\" data-widget_type=\"text-editor.default\">\n\t\t\t\t<div class=\"elementor-widget-container\">\n\t\t\t\t\t\t\t\t\t<p><em><strong>Ce massage est con\u00e7u pour combiner le massage \u00e0 l&rsquo;huile et le massage tha\u00eflandais, en utilisant une pression ferme et une rythmique profonde<\/strong><\/em><\/p><p><em><strong>Le massage tha\u00eflandais \u00e0 l&rsquo;huile consiste \u00e0 exercer une pression moyenne \u00e0 forte, \u00e0 glisser, \u00e0 rouler, \u00e0 faire des mouvements de pouss\u00e9e et d&rsquo;\u00e9tirement en utilisant la paume de la main et les coudes<\/strong><\/em><\/p><p><em><strong>Anciennes m\u00e9thodes de gu\u00e9rison bas\u00e9es sur l&rsquo;application d&rsquo;huile m\u00e9lang\u00e9e \u00e0 du baume m\u00e9dical \u00e0 des endroits du corps o\u00f9 circulent des flux d&rsquo;\u00e9nergie.<\/strong><\/em><\/p><p><em><strong>1 Hour : 65 Euros P.p<\/strong><\/em><\/p><p><em><strong>1.5 Hours: 86 Euros P.p<\/strong><\/em><\/p><p><em><strong>2 heures : 120 Euros. P.p<\/strong><\/em><\/p>\t\t\t\t\t\t\t\t<\/div>\n\t\t\t\t<\/div>\n\t\t\t\t<div class=\"elementor-element elementor-element-dc8284e elementor-button-warning elementor-align-center elementor-widget elementor-widget-button\" data-id=\"dc8284e\" data-element_type=\"widget\" data-e-type=\"widget\" data-widget_type=\"button.default\">\n\t\t\t\t<div class=\"elementor-widget-container\">\n\t\t\t\t\t\t\t\t\t<div class=\"elementor-button-wrapper\">\n\t\t\t\t\t<a class=\"elementor-button elementor-button-link elementor-size-lg\" href=\"https:\/\/book.heygoldie.com\/Thai-Lanna-Massage\/checkout\">\n\t\t\t\t\t\t<span class=\"elementor-button-content-wrapper\">\n\t\t\t\t\t\t\t\t\t<span class=\"elementor-button-text\">R\u00e9servez maintenant<\/span>\n\t\t\t\t\t<\/span>\n\t\t\t\t\t<\/a>\n\t\t\t\t<\/div>\n\t\t\t\t\t\t\t\t<\/div>\n\t\t\t\t<\/div>\n\t\t\t\t\t<\/div>\n\t\t<\/div>\n\t\t\t\t\t<\/div>\n\t\t<\/section>\n\t\t\t\t<section class=\"elementor-section elementor-top-section elementor-element elementor-element-7d0439e elementor-section-boxed elementor-section-height-default elementor-section-height-default\" data-id=\"7d0439e\" data-element_type=\"section\" data-e-type=\"section\">\n\t\t\t\t\t\t<div class=\"elementor-container elementor-column-gap-default\">\n\t\t\t\t\t<div class=\"elementor-column elementor-col-100 elementor-top-column elementor-element elementor-element-b7a3977\" data-id=\"b7a3977\" data-element_type=\"column\" data-e-type=\"column\">\n\t\t\t<div class=\"elementor-widget-wrap elementor-element-populated\">\n\t\t\t\t\t\t<div class=\"elementor-element elementor-element-d484c96 elementor-widget elementor-widget-heading\" data-id=\"d484c96\" data-element_type=\"widget\" data-e-type=\"widget\" data-widget_type=\"heading.default\">\n\t\t\t\t<div class=\"elementor-widget-container\">\n\t\t\t\t\t<h2 class=\"elementor-heading-title elementor-size-large\">Sbai Sbai Massage<\/h2>\t\t\t\t<\/div>\n\t\t\t\t<\/div>\n\t\t\t\t<div class=\"elementor-element elementor-element-fa70633 elementor-widget elementor-widget-image\" data-id=\"fa70633\" data-element_type=\"widget\" data-e-type=\"widget\" data-widget_type=\"image.default\">\n\t\t\t\t<div class=\"elementor-widget-container\">\n\t\t\t\t\t\t\t\t\t\t\t\t\t\t\t<img decoding=\"async\" width=\"696\" height=\"464\" src=\"https:\/\/www.thai-massage-lanna.website\/wp-content\/uploads\/2024\/04\/kraeftige-thai-massage-1024x683-1-768x512.jpg\" class=\"attachment-medium_large size-medium_large wp-image-1329\" alt=\"massage sbai in costa calma\" srcset=\"https:\/\/www.thai-massage-lanna.website\/wp-content\/uploads\/2024\/04\/kraeftige-thai-massage-1024x683-1-768x512.jpg 768w, https:\/\/www.thai-massage-lanna.website\/wp-content\/uploads\/2024\/04\/kraeftige-thai-massage-1024x683-1-300x200.jpg 300w, https:\/\/www.thai-massage-lanna.website\/wp-content\/uploads\/2024\/04\/kraeftige-thai-massage-1024x683-1.jpg 1024w\" sizes=\"(max-width: 696px) 100vw, 696px\" \/>\t\t\t\t\t\t\t\t\t\t\t\t\t\t\t<\/div>\n\t\t\t\t<\/div>\n\t\t\t\t<div class=\"elementor-element elementor-element-0394f45 elementor-widget elementor-widget-text-editor\" data-id=\"0394f45\" data-element_type=\"widget\" data-e-type=\"widget\" data-widget_type=\"text-editor.default\">\n\t\t\t\t<div class=\"elementor-widget-container\">\n\t\t\t\t\t\t\t\t\t<p><b><i>Le massage Sbai Sbai est un type de massage que nous cr\u00e9ons dans l&rsquo;offre, o\u00f9 nous combinons des techniques occidentales et orientales pour faire un massage tr\u00e8s efficace pour se d\u00e9tendre et soulager la tension.<\/i><\/b><\/p><p><em><strong>1 Hour : 50 Euros P.p<\/strong><\/em><\/p><p> <\/p><p> <\/p>\t\t\t\t\t\t\t\t<\/div>\n\t\t\t\t<\/div>\n\t\t\t\t<div class=\"elementor-element elementor-element-ccdfd66 elementor-button-warning elementor-align-center elementor-widget elementor-widget-button\" data-id=\"ccdfd66\" data-element_type=\"widget\" data-e-type=\"widget\" data-widget_type=\"button.default\">\n\t\t\t\t<div class=\"elementor-widget-container\">\n\t\t\t\t\t\t\t\t\t<div class=\"elementor-button-wrapper\">\n\t\t\t\t\t<a class=\"elementor-button elementor-button-link elementor-size-lg\" href=\"https:\/\/book.heygoldie.com\/Thai-Lanna-Massage\/checkout\">\n\t\t\t\t\t\t<span class=\"elementor-button-content-wrapper\">\n\t\t\t\t\t\t\t\t\t<span class=\"elementor-button-text\">R\u00e9servez maintenant<\/span>\n\t\t\t\t\t<\/span>\n\t\t\t\t\t<\/a>\n\t\t\t\t<\/div>\n\t\t\t\t\t\t\t\t<\/div>\n\t\t\t\t<\/div>\n\t\t\t\t\t<\/div>\n\t\t<\/div>\n\t\t\t\t\t<\/div>\n\t\t<\/section>\n\t\t\t\t<section class=\"elementor-section elementor-top-section elementor-element elementor-element-2a09dbe elementor-section-boxed elementor-section-height-default elementor-section-height-default\" data-id=\"2a09dbe\" data-element_type=\"section\" data-e-type=\"section\">\n\t\t\t\t\t\t<div class=\"elementor-container elementor-column-gap-default\">\n\t\t\t\t\t<div class=\"elementor-column elementor-col-100 elementor-top-column elementor-element elementor-element-97de298\" data-id=\"97de298\" data-element_type=\"column\" data-e-type=\"column\">\n\t\t\t<div class=\"elementor-widget-wrap elementor-element-populated\">\n\t\t\t\t\t\t<div class=\"elementor-element elementor-element-46ade9f elementor-widget elementor-widget-heading\" data-id=\"46ade9f\" data-element_type=\"widget\" data-e-type=\"widget\" data-widget_type=\"heading.default\">\n\t\t\t\t<div class=\"elementor-widget-container\">\n\t\t\t\t\t<h2 class=\"elementor-heading-title elementor-size-large\">Massage \u00e0 l'huile aromatique chaude<\/h2>\t\t\t\t<\/div>\n\t\t\t\t<\/div>\n\t\t\t\t<div class=\"elementor-element elementor-element-cad2123 elementor-widget elementor-widget-image\" data-id=\"cad2123\" data-element_type=\"widget\" data-e-type=\"widget\" data-widget_type=\"image.default\">\n\t\t\t\t<div class=\"elementor-widget-container\">\n\t\t\t\t\t\t\t\t\t\t\t\t\t\t\t<img decoding=\"async\" width=\"696\" height=\"522\" src=\"https:\/\/www.thai-massage-lanna.website\/wp-content\/uploads\/2023\/11\/370328372_258144783557796_755251186177050316_n-768x576.jpg\" class=\"attachment-medium_large size-medium_large wp-image-988\" alt=\"warm relaxin oil massage in costa calma\" srcset=\"https:\/\/www.thai-massage-lanna.website\/wp-content\/uploads\/2023\/11\/370328372_258144783557796_755251186177050316_n-768x576.jpg 768w, https:\/\/www.thai-massage-lanna.website\/wp-content\/uploads\/2023\/11\/370328372_258144783557796_755251186177050316_n-300x225.jpg 300w, https:\/\/www.thai-massage-lanna.website\/wp-content\/uploads\/2023\/11\/370328372_258144783557796_755251186177050316_n-1024x768.jpg 1024w, https:\/\/www.thai-massage-lanna.website\/wp-content\/uploads\/2023\/11\/370328372_258144783557796_755251186177050316_n-1536x1152.jpg 1536w, https:\/\/www.thai-massage-lanna.website\/wp-content\/uploads\/2023\/11\/370328372_258144783557796_755251186177050316_n.jpg 1728w\" sizes=\"(max-width: 696px) 100vw, 696px\" \/>\t\t\t\t\t\t\t\t\t\t\t\t\t\t\t<\/div>\n\t\t\t\t<\/div>\n\t\t\t\t<div class=\"elementor-element elementor-element-54dcb1b elementor-widget elementor-widget-text-editor\" data-id=\"54dcb1b\" data-element_type=\"widget\" data-e-type=\"widget\" data-widget_type=\"text-editor.default\">\n\t\t\t\t<div class=\"elementor-widget-container\">\n\t\t\t\t\t\t\t\t\t<p><b><i>Nous cr\u00e9ons ce massage aux huiles aromatiques chaudes pour que vous vous sentiez totalement d\u00e9tendu lors de vos vacances \u00e0 Costa Calma. Ce massage est similaire au massage Ayhurveda mais avec notre signature. Si vous aimez les massages relaxants, vous allez adorer.<\/i><\/b><\/p><p> <\/p><p><em><strong>1 Hour : 50 Euros P.p<\/strong><\/em><\/p>\t\t\t\t\t\t\t\t<\/div>\n\t\t\t\t<\/div>\n\t\t\t\t<div class=\"elementor-element elementor-element-098b692 elementor-button-warning elementor-align-center elementor-widget elementor-widget-button\" data-id=\"098b692\" data-element_type=\"widget\" data-e-type=\"widget\" data-widget_type=\"button.default\">\n\t\t\t\t<div class=\"elementor-widget-container\">\n\t\t\t\t\t\t\t\t\t<div class=\"elementor-button-wrapper\">\n\t\t\t\t\t<a class=\"elementor-button elementor-button-link elementor-size-lg\" href=\"https:\/\/book.heygoldie.com\/Thai-Lanna-Massage\/checkout\">\n\t\t\t\t\t\t<span class=\"elementor-button-content-wrapper\">\n\t\t\t\t\t\t\t\t\t<span class=\"elementor-button-text\">R\u00e9servez maintenant<\/span>\n\t\t\t\t\t<\/span>\n\t\t\t\t\t<\/a>\n\t\t\t\t<\/div>\n\t\t\t\t\t\t\t\t<\/div>\n\t\t\t\t<\/div>\n\t\t\t\t\t<\/div>\n\t\t<\/div>\n\t\t\t\t\t<\/div>\n\t\t<\/section>\n\t\t\t\t<section class=\"elementor-section elementor-top-section elementor-element elementor-element-c35b35d elementor-section-boxed elementor-section-height-default elementor-section-height-default\" data-id=\"c35b35d\" data-element_type=\"section\" data-e-type=\"section\">\n\t\t\t\t\t\t<div class=\"elementor-container elementor-column-gap-default\">\n\t\t\t\t\t<div class=\"elementor-column elementor-col-100 elementor-top-column elementor-element elementor-element-8a6ac42\" data-id=\"8a6ac42\" data-element_type=\"column\" data-e-type=\"column\">\n\t\t\t<div class=\"elementor-widget-wrap\">\n\t\t\t\t\t\t\t<\/div>\n\t\t<\/div>\n\t\t\t\t\t<\/div>\n\t\t<\/section>\n\t\t\t\t<\/div>\n\t\t","protected":false},"excerpt":{"rendered":"<p>Massage en couple Ce massage est con\u00e7u pour combiner le massage \u00e0 l&rsquo;huile et le massage tha\u00eflandais, en utilisant une pression ferme et une rythmique profonde Le massage tha\u00eflandais \u00e0 l&rsquo;huile consiste \u00e0 exercer une pression moyenne \u00e0 forte, \u00e0 glisser, \u00e0 rouler, \u00e0 faire des mouvements de pouss\u00e9e et d&rsquo;\u00e9tirement en utilisant la paume<\/p><\/div>\n<div class=\"blog-btn\"><a href=\"https:\/\/www.thai-massage-lanna.website\/fr\/offres-speciales-2\/\" class=\"home-blog-btn\">Lire la suite<\/a><\/p>\n","protected":false},"author":1,"featured_media":0,"parent":0,"menu_order":0,"comment_status":"closed","ping_status":"closed","template":"","meta":{"footnotes":""},"class_list":["post-1219","page","type-page","status-publish","hentry"],"yoast_head":"<!-- This site is optimized with the Yoast SEO plugin v27.4 - https:\/\/yoast.com\/product\/yoast-seo-wordpress\/ -->\n<title>Offres sp\u00e9ciales. - Thai Lanna Massage<\/title>\n<meta name=\"description\" content=\"Nous avons cr\u00e9\u00e9 la meilleure s\u00e9lection de massages sp\u00e9ciaux Offerts \u00e0 Costa Calma en combinant des techniques orientales et occidentales. Voir le site\" \/>\n<meta name=\"robots\" content=\"index, follow, max-snippet:-1, max-image-preview:large, max-video-preview:-1\" \/>\n<link rel=\"canonical\" href=\"https:\/\/www.thai-massage-lanna.website\/fr\/offres-speciales-2\/\" \/>\n<meta property=\"og:locale\" content=\"fr_FR\" \/>\n<meta property=\"og:type\" content=\"article\" \/>\n<meta property=\"og:title\" content=\"Offres sp\u00e9ciales. - Thai Lanna Massage\" \/>\n<meta property=\"og:description\" content=\"Nous avons cr\u00e9\u00e9 la meilleure s\u00e9lection de massages sp\u00e9ciaux Offerts \u00e0 Costa Calma en combinant des techniques orientales et occidentales. Voir le site\" \/>\n<meta property=\"og:url\" content=\"https:\/\/www.thai-massage-lanna.website\/fr\/offres-speciales-2\/\" \/>\n<meta property=\"og:site_name\" content=\"Thai Lanna Massage\" \/>\n<meta property=\"article:publisher\" content=\"https:\/\/www.facebook.com\/Noottida2020\/\" \/>\n<meta property=\"article:modified_time\" content=\"2025-04-06T09:34:38+00:00\" \/>\n<meta property=\"og:image\" content=\"https:\/\/www.thai-massage-lanna.website\/wp-content\/uploads\/2024\/04\/PvRCw_7a-768x545.jpg\" \/>\n<meta name=\"twitter:card\" content=\"summary_large_image\" \/>\n<meta name=\"twitter:label1\" content=\"Dur\u00e9e de lecture estim\u00e9e\" \/>\n\t<meta name=\"twitter:data1\" content=\"2 minutes\" \/>\n<script type=\"application\/ld+json\" class=\"yoast-schema-graph\">{\"@context\":\"https:\\\/\\\/schema.org\",\"@graph\":[{\"@type\":\"WebPage\",\"@id\":\"https:\\\/\\\/www.thai-massage-lanna.website\\\/fr\\\/offres-speciales-2\\\/\",\"url\":\"https:\\\/\\\/www.thai-massage-lanna.website\\\/fr\\\/offres-speciales-2\\\/\",\"name\":\"Offres sp\u00e9ciales. - Thai Lanna Massage\",\"isPartOf\":{\"@id\":\"https:\\\/\\\/www.thai-massage-lanna.website\\\/fr\\\/#website\"},\"primaryImageOfPage\":{\"@id\":\"https:\\\/\\\/www.thai-massage-lanna.website\\\/fr\\\/offres-speciales-2\\\/#primaryimage\"},\"image\":{\"@id\":\"https:\\\/\\\/www.thai-massage-lanna.website\\\/fr\\\/offres-speciales-2\\\/#primaryimage\"},\"thumbnailUrl\":\"https:\\\/\\\/www.thai-massage-lanna.website\\\/wp-content\\\/uploads\\\/2024\\\/04\\\/PvRCw_7a-768x545.jpg\",\"datePublished\":\"2024-01-11T10:55:51+00:00\",\"dateModified\":\"2025-04-06T09:34:38+00:00\",\"description\":\"Nous avons cr\u00e9\u00e9 la meilleure s\u00e9lection de massages sp\u00e9ciaux Offerts \u00e0 Costa Calma en combinant des techniques orientales et occidentales. Voir le site\",\"breadcrumb\":{\"@id\":\"https:\\\/\\\/www.thai-massage-lanna.website\\\/fr\\\/offres-speciales-2\\\/#breadcrumb\"},\"inLanguage\":\"fr-FR\",\"potentialAction\":[{\"@type\":\"ReadAction\",\"target\":[\"https:\\\/\\\/www.thai-massage-lanna.website\\\/fr\\\/offres-speciales-2\\\/\"]}]},{\"@type\":\"ImageObject\",\"inLanguage\":\"fr-FR\",\"@id\":\"https:\\\/\\\/www.thai-massage-lanna.website\\\/fr\\\/offres-speciales-2\\\/#primaryimage\",\"url\":\"https:\\\/\\\/www.thai-massage-lanna.website\\\/wp-content\\\/uploads\\\/2024\\\/04\\\/PvRCw_7a-768x545.jpg\",\"contentUrl\":\"https:\\\/\\\/www.thai-massage-lanna.website\\\/wp-content\\\/uploads\\\/2024\\\/04\\\/PvRCw_7a-768x545.jpg\"},{\"@type\":\"BreadcrumbList\",\"@id\":\"https:\\\/\\\/www.thai-massage-lanna.website\\\/fr\\\/offres-speciales-2\\\/#breadcrumb\",\"itemListElement\":[{\"@type\":\"ListItem\",\"position\":1,\"name\":\"Home\",\"item\":\"https:\\\/\\\/www.thai-massage-lanna.website\\\/fr\\\/\"},{\"@type\":\"ListItem\",\"position\":2,\"name\":\"Offres sp\u00e9ciales.\"}]},{\"@type\":\"WebSite\",\"@id\":\"https:\\\/\\\/www.thai-massage-lanna.website\\\/fr\\\/#website\",\"url\":\"https:\\\/\\\/www.thai-massage-lanna.website\\\/fr\\\/\",\"name\":\"Thai Lanna Massage\",\"description\":\"Relax and therapeutic center\",\"publisher\":{\"@id\":\"https:\\\/\\\/www.thai-massage-lanna.website\\\/fr\\\/#organization\"},\"potentialAction\":[{\"@type\":\"SearchAction\",\"target\":{\"@type\":\"EntryPoint\",\"urlTemplate\":\"https:\\\/\\\/www.thai-massage-lanna.website\\\/fr\\\/?s={search_term_string}\"},\"query-input\":{\"@type\":\"PropertyValueSpecification\",\"valueRequired\":true,\"valueName\":\"search_term_string\"}}],\"inLanguage\":\"fr-FR\"},{\"@type\":\"Organization\",\"@id\":\"https:\\\/\\\/www.thai-massage-lanna.website\\\/fr\\\/#organization\",\"name\":\"Thai Lanna Massage\",\"url\":\"https:\\\/\\\/www.thai-massage-lanna.website\\\/fr\\\/\",\"logo\":{\"@type\":\"ImageObject\",\"inLanguage\":\"fr-FR\",\"@id\":\"https:\\\/\\\/www.thai-massage-lanna.website\\\/fr\\\/#\\\/schema\\\/logo\\\/image\\\/\",\"url\":\"https:\\\/\\\/www.thai-massage-lanna.website\\\/wp-content\\\/uploads\\\/2021\\\/10\\\/cropped-Logo-Thai-Ranna-Spa-1.png\",\"contentUrl\":\"https:\\\/\\\/www.thai-massage-lanna.website\\\/wp-content\\\/uploads\\\/2021\\\/10\\\/cropped-Logo-Thai-Ranna-Spa-1.png\",\"width\":210,\"height\":172,\"caption\":\"Thai Lanna Massage\"},\"image\":{\"@id\":\"https:\\\/\\\/www.thai-massage-lanna.website\\\/fr\\\/#\\\/schema\\\/logo\\\/image\\\/\"},\"sameAs\":[\"https:\\\/\\\/www.facebook.com\\\/Noottida2020\\\/\",\"https:\\\/\\\/www.instagram.com\\\/thai_lanna_massage_studio\\\/\"]}]}<\/script>\n<!-- \/ Yoast SEO plugin. -->","yoast_head_json":{"title":"Offres sp\u00e9ciales. - Thai Lanna Massage","description":"Nous avons cr\u00e9\u00e9 la meilleure s\u00e9lection de massages sp\u00e9ciaux Offerts \u00e0 Costa Calma en combinant des techniques orientales et occidentales. Voir le site","robots":{"index":"index","follow":"follow","max-snippet":"max-snippet:-1","max-image-preview":"max-image-preview:large","max-video-preview":"max-video-preview:-1"},"canonical":"https:\/\/www.thai-massage-lanna.website\/fr\/offres-speciales-2\/","og_locale":"fr_FR","og_type":"article","og_title":"Offres sp\u00e9ciales. - Thai Lanna Massage","og_description":"Nous avons cr\u00e9\u00e9 la meilleure s\u00e9lection de massages sp\u00e9ciaux Offerts \u00e0 Costa Calma en combinant des techniques orientales et occidentales. Voir le site","og_url":"https:\/\/www.thai-massage-lanna.website\/fr\/offres-speciales-2\/","og_site_name":"Thai Lanna Massage","article_publisher":"https:\/\/www.facebook.com\/Noottida2020\/","article_modified_time":"2025-04-06T09:34:38+00:00","og_image":[{"url":"https:\/\/www.thai-massage-lanna.website\/wp-content\/uploads\/2024\/04\/PvRCw_7a-768x545.jpg","type":"","width":"","height":""}],"twitter_card":"summary_large_image","twitter_misc":{"Dur\u00e9e de lecture estim\u00e9e":"2 minutes"},"schema":{"@context":"https:\/\/schema.org","@graph":[{"@type":"WebPage","@id":"https:\/\/www.thai-massage-lanna.website\/fr\/offres-speciales-2\/","url":"https:\/\/www.thai-massage-lanna.website\/fr\/offres-speciales-2\/","name":"Offres sp\u00e9ciales. - Thai Lanna Massage","isPartOf":{"@id":"https:\/\/www.thai-massage-lanna.website\/fr\/#website"},"primaryImageOfPage":{"@id":"https:\/\/www.thai-massage-lanna.website\/fr\/offres-speciales-2\/#primaryimage"},"image":{"@id":"https:\/\/www.thai-massage-lanna.website\/fr\/offres-speciales-2\/#primaryimage"},"thumbnailUrl":"https:\/\/www.thai-massage-lanna.website\/wp-content\/uploads\/2024\/04\/PvRCw_7a-768x545.jpg","datePublished":"2024-01-11T10:55:51+00:00","dateModified":"2025-04-06T09:34:38+00:00","description":"Nous avons cr\u00e9\u00e9 la meilleure s\u00e9lection de massages sp\u00e9ciaux Offerts \u00e0 Costa Calma en combinant des techniques orientales et occidentales. Voir le site","breadcrumb":{"@id":"https:\/\/www.thai-massage-lanna.website\/fr\/offres-speciales-2\/#breadcrumb"},"inLanguage":"fr-FR","potentialAction":[{"@type":"ReadAction","target":["https:\/\/www.thai-massage-lanna.website\/fr\/offres-speciales-2\/"]}]},{"@type":"ImageObject","inLanguage":"fr-FR","@id":"https:\/\/www.thai-massage-lanna.website\/fr\/offres-speciales-2\/#primaryimage","url":"https:\/\/www.thai-massage-lanna.website\/wp-content\/uploads\/2024\/04\/PvRCw_7a-768x545.jpg","contentUrl":"https:\/\/www.thai-massage-lanna.website\/wp-content\/uploads\/2024\/04\/PvRCw_7a-768x545.jpg"},{"@type":"BreadcrumbList","@id":"https:\/\/www.thai-massage-lanna.website\/fr\/offres-speciales-2\/#breadcrumb","itemListElement":[{"@type":"ListItem","position":1,"name":"Home","item":"https:\/\/www.thai-massage-lanna.website\/fr\/"},{"@type":"ListItem","position":2,"name":"Offres sp\u00e9ciales."}]},{"@type":"WebSite","@id":"https:\/\/www.thai-massage-lanna.website\/fr\/#website","url":"https:\/\/www.thai-massage-lanna.website\/fr\/","name":"Thai Lanna Massage","description":"Relax and therapeutic center","publisher":{"@id":"https:\/\/www.thai-massage-lanna.website\/fr\/#organization"},"potentialAction":[{"@type":"SearchAction","target":{"@type":"EntryPoint","urlTemplate":"https:\/\/www.thai-massage-lanna.website\/fr\/?s={search_term_string}"},"query-input":{"@type":"PropertyValueSpecification","valueRequired":true,"valueName":"search_term_string"}}],"inLanguage":"fr-FR"},{"@type":"Organization","@id":"https:\/\/www.thai-massage-lanna.website\/fr\/#organization","name":"Thai Lanna Massage","url":"https:\/\/www.thai-massage-lanna.website\/fr\/","logo":{"@type":"ImageObject","inLanguage":"fr-FR","@id":"https:\/\/www.thai-massage-lanna.website\/fr\/#\/schema\/logo\/image\/","url":"https:\/\/www.thai-massage-lanna.website\/wp-content\/uploads\/2021\/10\/cropped-Logo-Thai-Ranna-Spa-1.png","contentUrl":"https:\/\/www.thai-massage-lanna.website\/wp-content\/uploads\/2021\/10\/cropped-Logo-Thai-Ranna-Spa-1.png","width":210,"height":172,"caption":"Thai Lanna Massage"},"image":{"@id":"https:\/\/www.thai-massage-lanna.website\/fr\/#\/schema\/logo\/image\/"},"sameAs":["https:\/\/www.facebook.com\/Noottida2020\/","https:\/\/www.instagram.com\/thai_lanna_massage_studio\/"]}]}},"_links":{"self":[{"href":"https:\/\/www.thai-massage-lanna.website\/fr\/wp-json\/wp\/v2\/pages\/1219","targetHints":{"allow":["GET"]}}],"collection":[{"href":"https:\/\/www.thai-massage-lanna.website\/fr\/wp-json\/wp\/v2\/pages"}],"about":[{"href":"https:\/\/www.thai-massage-lanna.website\/fr\/wp-json\/wp\/v2\/types\/page"}],"author":[{"embeddable":true,"href":"https:\/\/www.thai-massage-lanna.website\/fr\/wp-json\/wp\/v2\/users\/1"}],"replies":[{"embeddable":true,"href":"https:\/\/www.thai-massage-lanna.website\/fr\/wp-json\/wp\/v2\/comments?post=1219"}],"version-history":[{"count":6,"href":"https:\/\/www.thai-massage-lanna.website\/fr\/wp-json\/wp\/v2\/pages\/1219\/revisions"}],"predecessor-version":[{"id":1623,"href":"https:\/\/www.thai-massage-lanna.website\/fr\/wp-json\/wp\/v2\/pages\/1219\/revisions\/1623"}],"wp:attachment":[{"href":"https:\/\/www.thai-massage-lanna.website\/fr\/wp-json\/wp\/v2\/media?parent=1219"}],"curies":[{"name":"wp","href":"https:\/\/api.w.org\/{rel}","templated":true}]}}