{"id":1216,"date":"2024-01-11T10:55:51","date_gmt":"2024-01-11T10:55:51","guid":{"rendered":"https:\/\/www.thai-massage-lanna.website\/index.php\/ofertas-especiales-2\/"},"modified":"2025-04-06T09:21:50","modified_gmt":"2025-04-06T09:21:50","slug":"ofertas-especiales-2","status":"publish","type":"page","link":"https:\/\/www.thai-massage-lanna.website\/es\/ofertas-especiales-2\/","title":{"rendered":"Ofertas especiales"},"content":{"rendered":"\t\t<div data-elementor-type=\"wp-page\" data-elementor-id=\"1216\" class=\"elementor elementor-1216 elementor-1143\">\n\t\t\t\t\t\t<section class=\"elementor-section elementor-top-section elementor-element elementor-element-00d369c elementor-section-boxed elementor-section-height-default elementor-section-height-default\" data-id=\"00d369c\" data-element_type=\"section\" data-e-type=\"section\">\n\t\t\t\t\t\t<div class=\"elementor-container elementor-column-gap-default\">\n\t\t\t\t\t<div class=\"elementor-column elementor-col-100 elementor-top-column elementor-element elementor-element-695970c\" data-id=\"695970c\" data-element_type=\"column\" data-e-type=\"column\">\n\t\t\t<div class=\"elementor-widget-wrap\">\n\t\t\t\t\t\t\t<\/div>\n\t\t<\/div>\n\t\t\t\t\t<\/div>\n\t\t<\/section>\n\t\t\t\t<section class=\"elementor-section elementor-top-section elementor-element elementor-element-7b4c891 elementor-section-boxed elementor-section-height-default elementor-section-height-default\" data-id=\"7b4c891\" data-element_type=\"section\" data-e-type=\"section\">\n\t\t\t\t\t\t<div class=\"elementor-container elementor-column-gap-default\">\n\t\t\t\t\t<div class=\"elementor-column elementor-col-100 elementor-top-column elementor-element elementor-element-113299e\" data-id=\"113299e\" data-element_type=\"column\" data-e-type=\"column\">\n\t\t\t<div class=\"elementor-widget-wrap elementor-element-populated\">\n\t\t\t\t\t\t<div class=\"elementor-element elementor-element-1928326 elementor-widget elementor-widget-heading\" data-id=\"1928326\" data-element_type=\"widget\" data-e-type=\"widget\" data-widget_type=\"heading.default\">\n\t\t\t\t<div class=\"elementor-widget-container\">\n\t\t\t\t\t<h2 class=\"elementor-heading-title elementor-size-large\">Masaje en pareja<\/h2>\t\t\t\t<\/div>\n\t\t\t\t<\/div>\n\t\t\t\t<div class=\"elementor-element elementor-element-83fb231 elementor-widget elementor-widget-image\" data-id=\"83fb231\" data-element_type=\"widget\" data-e-type=\"widget\" data-widget_type=\"image.default\">\n\t\t\t\t<div class=\"elementor-widget-container\">\n\t\t\t\t\t\t\t\t\t\t\t\t\t\t\t<img fetchpriority=\"high\" decoding=\"async\" width=\"696\" height=\"494\" src=\"https:\/\/www.thai-massage-lanna.website\/wp-content\/uploads\/2024\/04\/PvRCw_7a-768x545.jpg\" class=\"attachment-medium_large size-medium_large wp-image-1261\" alt=\"\" srcset=\"https:\/\/www.thai-massage-lanna.website\/wp-content\/uploads\/2024\/04\/PvRCw_7a-768x545.jpg 768w, https:\/\/www.thai-massage-lanna.website\/wp-content\/uploads\/2024\/04\/PvRCw_7a-300x213.jpg 300w, https:\/\/www.thai-massage-lanna.website\/wp-content\/uploads\/2024\/04\/PvRCw_7a-1024x726.jpg 1024w, https:\/\/www.thai-massage-lanna.website\/wp-content\/uploads\/2024\/04\/PvRCw_7a-1536x1090.jpg 1536w, https:\/\/www.thai-massage-lanna.website\/wp-content\/uploads\/2024\/04\/PvRCw_7a.jpg 1748w\" sizes=\"(max-width: 696px) 100vw, 696px\" \/>\t\t\t\t\t\t\t\t\t\t\t\t\t\t\t<\/div>\n\t\t\t\t<\/div>\n\t\t\t\t<div class=\"elementor-element elementor-element-2a928d6 elementor-widget elementor-widget-text-editor\" data-id=\"2a928d6\" data-element_type=\"widget\" data-e-type=\"widget\" data-widget_type=\"text-editor.default\">\n\t\t\t\t<div class=\"elementor-widget-container\">\n\t\t\t\t\t\t\t\t\t<p><em><strong>Este masaje est\u00e1 dise\u00f1ado para combinar el masaje con aceite y el masaje tailand\u00e9s, utilizando una presi\u00f3n firme y r\u00edtmica profunda.<\/strong><\/em><\/p><p><em><strong>El masaje tailand\u00e9s con aceite consiste en aplicar presiones medias y fuertes, deslizar, rodar, acariciar y estirar con la palma de la mano y los codos;<\/strong><\/em><\/p><p><em><strong>Antiguos m\u00e9todos curativos basados en la aplicaci\u00f3n de aceite mezclado con b\u00e1lsamo medicinal en lugares del cuerpo por los que fluye la energ\u00eda;<\/strong><\/em><\/p><p><em><strong>1 Hour : 65 Euros P.p<\/strong><\/em><\/p><p><em><strong>1.5 Hours: 86 Euros P.p<\/strong><\/em><\/p><p><em><strong>2 Horas: 120 Euros; P.p<\/strong><\/em><\/p>\t\t\t\t\t\t\t\t<\/div>\n\t\t\t\t<\/div>\n\t\t\t\t<div class=\"elementor-element elementor-element-dc8284e elementor-button-warning elementor-align-center elementor-widget elementor-widget-button\" data-id=\"dc8284e\" data-element_type=\"widget\" data-e-type=\"widget\" data-widget_type=\"button.default\">\n\t\t\t\t<div class=\"elementor-widget-container\">\n\t\t\t\t\t\t\t\t\t<div class=\"elementor-button-wrapper\">\n\t\t\t\t\t<a class=\"elementor-button elementor-button-link elementor-size-lg\" href=\"https:\/\/book.heygoldie.com\/Thai-Lanna-Massage\/checkout\">\n\t\t\t\t\t\t<span class=\"elementor-button-content-wrapper\">\n\t\t\t\t\t\t\t\t\t<span class=\"elementor-button-text\">Reserva ahora<\/span>\n\t\t\t\t\t<\/span>\n\t\t\t\t\t<\/a>\n\t\t\t\t<\/div>\n\t\t\t\t\t\t\t\t<\/div>\n\t\t\t\t<\/div>\n\t\t\t\t\t<\/div>\n\t\t<\/div>\n\t\t\t\t\t<\/div>\n\t\t<\/section>\n\t\t\t\t<section class=\"elementor-section elementor-top-section elementor-element elementor-element-7d0439e elementor-section-boxed elementor-section-height-default elementor-section-height-default\" data-id=\"7d0439e\" data-element_type=\"section\" data-e-type=\"section\">\n\t\t\t\t\t\t<div class=\"elementor-container elementor-column-gap-default\">\n\t\t\t\t\t<div class=\"elementor-column elementor-col-100 elementor-top-column elementor-element elementor-element-b7a3977\" data-id=\"b7a3977\" data-element_type=\"column\" data-e-type=\"column\">\n\t\t\t<div class=\"elementor-widget-wrap elementor-element-populated\">\n\t\t\t\t\t\t<div class=\"elementor-element elementor-element-d484c96 elementor-widget elementor-widget-heading\" data-id=\"d484c96\" data-element_type=\"widget\" data-e-type=\"widget\" data-widget_type=\"heading.default\">\n\t\t\t\t<div class=\"elementor-widget-container\">\n\t\t\t\t\t<h2 class=\"elementor-heading-title elementor-size-large\">Sbai Sbai Massage<\/h2>\t\t\t\t<\/div>\n\t\t\t\t<\/div>\n\t\t\t\t<div class=\"elementor-element elementor-element-fa70633 elementor-widget elementor-widget-image\" data-id=\"fa70633\" data-element_type=\"widget\" data-e-type=\"widget\" data-widget_type=\"image.default\">\n\t\t\t\t<div class=\"elementor-widget-container\">\n\t\t\t\t\t\t\t\t\t\t\t\t\t\t\t<img decoding=\"async\" width=\"696\" height=\"464\" src=\"https:\/\/www.thai-massage-lanna.website\/wp-content\/uploads\/2024\/04\/kraeftige-thai-massage-1024x683-1-768x512.jpg\" class=\"attachment-medium_large size-medium_large wp-image-1331\" alt=\"massage sbai in costa calma\" srcset=\"https:\/\/www.thai-massage-lanna.website\/wp-content\/uploads\/2024\/04\/kraeftige-thai-massage-1024x683-1-768x512.jpg 768w, https:\/\/www.thai-massage-lanna.website\/wp-content\/uploads\/2024\/04\/kraeftige-thai-massage-1024x683-1-300x200.jpg 300w, https:\/\/www.thai-massage-lanna.website\/wp-content\/uploads\/2024\/04\/kraeftige-thai-massage-1024x683-1.jpg 1024w\" sizes=\"(max-width: 696px) 100vw, 696px\" \/>\t\t\t\t\t\t\t\t\t\t\t\t\t\t\t<\/div>\n\t\t\t\t<\/div>\n\t\t\t\t<div class=\"elementor-element elementor-element-0394f45 elementor-widget elementor-widget-text-editor\" data-id=\"0394f45\" data-element_type=\"widget\" data-e-type=\"widget\" data-widget_type=\"text-editor.default\">\n\t\t\t\t<div class=\"elementor-widget-container\">\n\t\t\t\t\t\t\t\t\t<p><b><i>El Masaje Sbai Sbai es un tipo de masaje que creamos en oferta, donde combinamos t\u00e9cnicas occidentales y orientales, para realizar masajes muy efectivos para relajar y aliviar tensiones.<\/i><\/b><\/p><p><em><strong>1 Hour : 50 Euros P.p<\/strong><\/em><\/p><p> <\/p><p> <\/p>\t\t\t\t\t\t\t\t<\/div>\n\t\t\t\t<\/div>\n\t\t\t\t<div class=\"elementor-element elementor-element-ccdfd66 elementor-button-warning elementor-align-center elementor-widget elementor-widget-button\" data-id=\"ccdfd66\" data-element_type=\"widget\" data-e-type=\"widget\" data-widget_type=\"button.default\">\n\t\t\t\t<div class=\"elementor-widget-container\">\n\t\t\t\t\t\t\t\t\t<div class=\"elementor-button-wrapper\">\n\t\t\t\t\t<a class=\"elementor-button elementor-button-link elementor-size-lg\" href=\"https:\/\/book.heygoldie.com\/Thai-Lanna-Massage\/checkout\">\n\t\t\t\t\t\t<span class=\"elementor-button-content-wrapper\">\n\t\t\t\t\t\t\t\t\t<span class=\"elementor-button-text\">Reserva ahora<\/span>\n\t\t\t\t\t<\/span>\n\t\t\t\t\t<\/a>\n\t\t\t\t<\/div>\n\t\t\t\t\t\t\t\t<\/div>\n\t\t\t\t<\/div>\n\t\t\t\t\t<\/div>\n\t\t<\/div>\n\t\t\t\t\t<\/div>\n\t\t<\/section>\n\t\t\t\t<section class=\"elementor-section elementor-top-section elementor-element elementor-element-2a09dbe elementor-section-boxed elementor-section-height-default elementor-section-height-default\" data-id=\"2a09dbe\" data-element_type=\"section\" data-e-type=\"section\">\n\t\t\t\t\t\t<div class=\"elementor-container elementor-column-gap-default\">\n\t\t\t\t\t<div class=\"elementor-column elementor-col-100 elementor-top-column elementor-element elementor-element-97de298\" data-id=\"97de298\" data-element_type=\"column\" data-e-type=\"column\">\n\t\t\t<div class=\"elementor-widget-wrap elementor-element-populated\">\n\t\t\t\t\t\t<div class=\"elementor-element elementor-element-46ade9f elementor-widget elementor-widget-heading\" data-id=\"46ade9f\" data-element_type=\"widget\" data-e-type=\"widget\" data-widget_type=\"heading.default\">\n\t\t\t\t<div class=\"elementor-widget-container\">\n\t\t\t\t\t<h2 class=\"elementor-heading-title elementor-size-large\">Masaje con aceite arom\u00e1tico caliente<\/h2>\t\t\t\t<\/div>\n\t\t\t\t<\/div>\n\t\t\t\t<div class=\"elementor-element elementor-element-cad2123 elementor-widget elementor-widget-image\" data-id=\"cad2123\" data-element_type=\"widget\" data-e-type=\"widget\" data-widget_type=\"image.default\">\n\t\t\t\t<div class=\"elementor-widget-container\">\n\t\t\t\t\t\t\t\t\t\t\t\t\t\t\t<img decoding=\"async\" width=\"696\" height=\"522\" src=\"https:\/\/www.thai-massage-lanna.website\/wp-content\/uploads\/2023\/11\/370328372_258144783557796_755251186177050316_n-768x576.jpg\" class=\"attachment-medium_large size-medium_large wp-image-990\" alt=\"warm relaxin oil massage in costa calma\" srcset=\"https:\/\/www.thai-massage-lanna.website\/wp-content\/uploads\/2023\/11\/370328372_258144783557796_755251186177050316_n-768x576.jpg 768w, https:\/\/www.thai-massage-lanna.website\/wp-content\/uploads\/2023\/11\/370328372_258144783557796_755251186177050316_n-300x225.jpg 300w, https:\/\/www.thai-massage-lanna.website\/wp-content\/uploads\/2023\/11\/370328372_258144783557796_755251186177050316_n-1024x768.jpg 1024w, https:\/\/www.thai-massage-lanna.website\/wp-content\/uploads\/2023\/11\/370328372_258144783557796_755251186177050316_n-1536x1152.jpg 1536w, https:\/\/www.thai-massage-lanna.website\/wp-content\/uploads\/2023\/11\/370328372_258144783557796_755251186177050316_n.jpg 1728w\" sizes=\"(max-width: 696px) 100vw, 696px\" \/>\t\t\t\t\t\t\t\t\t\t\t\t\t\t\t<\/div>\n\t\t\t\t<\/div>\n\t\t\t\t<div class=\"elementor-element elementor-element-54dcb1b elementor-widget elementor-widget-text-editor\" data-id=\"54dcb1b\" data-element_type=\"widget\" data-e-type=\"widget\" data-widget_type=\"text-editor.default\">\n\t\t\t\t<div class=\"elementor-widget-container\">\n\t\t\t\t\t\t\t\t\t<p><b><i>Hemos creado este arom\u00e1tico masaje con aceite caliente para que se sienta totalmente relajado en sus vacaciones en Costa Calma. Este masaje es similar al masaje Ayhurveda pero con nuestra firma. Si te gustan los masajes relajantes, te encantar\u00e1.  <\/i><\/b><\/p><p> <\/p><p><em><strong>1 Hour : 50 Euros P.p<\/strong><\/em><\/p>\t\t\t\t\t\t\t\t<\/div>\n\t\t\t\t<\/div>\n\t\t\t\t<div class=\"elementor-element elementor-element-098b692 elementor-button-warning elementor-align-center elementor-widget elementor-widget-button\" data-id=\"098b692\" data-element_type=\"widget\" data-e-type=\"widget\" data-widget_type=\"button.default\">\n\t\t\t\t<div class=\"elementor-widget-container\">\n\t\t\t\t\t\t\t\t\t<div class=\"elementor-button-wrapper\">\n\t\t\t\t\t<a class=\"elementor-button elementor-button-link elementor-size-lg\" href=\"https:\/\/book.heygoldie.com\/Thai-Lanna-Massage\/checkout\">\n\t\t\t\t\t\t<span class=\"elementor-button-content-wrapper\">\n\t\t\t\t\t\t\t\t\t<span class=\"elementor-button-text\">Reserva ahora<\/span>\n\t\t\t\t\t<\/span>\n\t\t\t\t\t<\/a>\n\t\t\t\t<\/div>\n\t\t\t\t\t\t\t\t<\/div>\n\t\t\t\t<\/div>\n\t\t\t\t\t<\/div>\n\t\t<\/div>\n\t\t\t\t\t<\/div>\n\t\t<\/section>\n\t\t\t\t<section class=\"elementor-section elementor-top-section elementor-element elementor-element-c35b35d elementor-section-boxed elementor-section-height-default elementor-section-height-default\" data-id=\"c35b35d\" data-element_type=\"section\" data-e-type=\"section\">\n\t\t\t\t\t\t<div class=\"elementor-container elementor-column-gap-default\">\n\t\t\t\t\t<div class=\"elementor-column elementor-col-100 elementor-top-column elementor-element elementor-element-8a6ac42\" data-id=\"8a6ac42\" data-element_type=\"column\" data-e-type=\"column\">\n\t\t\t<div class=\"elementor-widget-wrap\">\n\t\t\t\t\t\t\t<\/div>\n\t\t<\/div>\n\t\t\t\t\t<\/div>\n\t\t<\/section>\n\t\t\t\t<\/div>\n\t\t","protected":false},"excerpt":{"rendered":"<p>Masaje en pareja Este masaje est\u00e1 dise\u00f1ado para combinar el masaje con aceite y el masaje tailand\u00e9s, utilizando una presi\u00f3n firme y r\u00edtmica profunda. El masaje tailand\u00e9s con aceite consiste en aplicar presiones medias y fuertes, deslizar, rodar, acariciar y estirar con la palma de la mano y los codos; Antiguos m\u00e9todos curativos basados en<\/p><\/div>\n<div class=\"blog-btn\"><a href=\"https:\/\/www.thai-massage-lanna.website\/es\/ofertas-especiales-2\/\" class=\"home-blog-btn\">Leer m\u00e1s<\/a><\/p>\n","protected":false},"author":1,"featured_media":0,"parent":0,"menu_order":0,"comment_status":"closed","ping_status":"closed","template":"","meta":{"footnotes":""},"class_list":["post-1216","page","type-page","status-publish","hentry"],"yoast_head":"<!-- This site is optimized with the Yoast SEO plugin v27.5 - https:\/\/yoast.com\/product\/yoast-seo-wordpress\/ -->\n<title>Ofertas especiales - Thai Lanna Massage<\/title>\n<meta name=\"description\" content=\"Hemos creado la mejor selecci\u00f3n de masajes especiales en Costa Calma donde combinamos t\u00e9cnicas orientales y occidentales. Echa un vistazo\" \/>\n<meta name=\"robots\" content=\"index, follow, max-snippet:-1, max-image-preview:large, max-video-preview:-1\" \/>\n<link rel=\"canonical\" href=\"https:\/\/www.thai-massage-lanna.website\/es\/ofertas-especiales-2\/\" \/>\n<meta property=\"og:locale\" content=\"es_ES\" \/>\n<meta property=\"og:type\" content=\"article\" \/>\n<meta property=\"og:title\" content=\"Ofertas especiales - Thai Lanna Massage\" \/>\n<meta property=\"og:description\" content=\"Hemos creado la mejor selecci\u00f3n de masajes especiales en Costa Calma donde combinamos t\u00e9cnicas orientales y occidentales. Echa un vistazo\" \/>\n<meta property=\"og:url\" content=\"https:\/\/www.thai-massage-lanna.website\/es\/ofertas-especiales-2\/\" \/>\n<meta property=\"og:site_name\" content=\"Thai Lanna Massage\" \/>\n<meta property=\"article:publisher\" content=\"https:\/\/www.facebook.com\/Noottida2020\/\" \/>\n<meta property=\"article:modified_time\" content=\"2025-04-06T09:21:50+00:00\" \/>\n<meta property=\"og:image\" content=\"https:\/\/www.thai-massage-lanna.website\/wp-content\/uploads\/2024\/04\/PvRCw_7a-768x545.jpg\" \/>\n<meta name=\"twitter:card\" content=\"summary_large_image\" \/>\n<meta name=\"twitter:label1\" content=\"Tiempo de lectura\" \/>\n\t<meta name=\"twitter:data1\" content=\"1 minuto\" \/>\n<script type=\"application\/ld+json\" class=\"yoast-schema-graph\">{\"@context\":\"https:\\\/\\\/schema.org\",\"@graph\":[{\"@type\":\"WebPage\",\"@id\":\"https:\\\/\\\/www.thai-massage-lanna.website\\\/es\\\/ofertas-especiales-2\\\/\",\"url\":\"https:\\\/\\\/www.thai-massage-lanna.website\\\/es\\\/ofertas-especiales-2\\\/\",\"name\":\"Ofertas especiales - Thai Lanna Massage\",\"isPartOf\":{\"@id\":\"https:\\\/\\\/www.thai-massage-lanna.website\\\/es\\\/#website\"},\"primaryImageOfPage\":{\"@id\":\"https:\\\/\\\/www.thai-massage-lanna.website\\\/es\\\/ofertas-especiales-2\\\/#primaryimage\"},\"image\":{\"@id\":\"https:\\\/\\\/www.thai-massage-lanna.website\\\/es\\\/ofertas-especiales-2\\\/#primaryimage\"},\"thumbnailUrl\":\"https:\\\/\\\/www.thai-massage-lanna.website\\\/wp-content\\\/uploads\\\/2024\\\/04\\\/PvRCw_7a-768x545.jpg\",\"datePublished\":\"2024-01-11T10:55:51+00:00\",\"dateModified\":\"2025-04-06T09:21:50+00:00\",\"description\":\"Hemos creado la mejor selecci\u00f3n de masajes especiales en Costa Calma donde combinamos t\u00e9cnicas orientales y occidentales. Echa un vistazo\",\"breadcrumb\":{\"@id\":\"https:\\\/\\\/www.thai-massage-lanna.website\\\/es\\\/ofertas-especiales-2\\\/#breadcrumb\"},\"inLanguage\":\"es\",\"potentialAction\":[{\"@type\":\"ReadAction\",\"target\":[\"https:\\\/\\\/www.thai-massage-lanna.website\\\/es\\\/ofertas-especiales-2\\\/\"]}]},{\"@type\":\"ImageObject\",\"inLanguage\":\"es\",\"@id\":\"https:\\\/\\\/www.thai-massage-lanna.website\\\/es\\\/ofertas-especiales-2\\\/#primaryimage\",\"url\":\"https:\\\/\\\/www.thai-massage-lanna.website\\\/wp-content\\\/uploads\\\/2024\\\/04\\\/PvRCw_7a-768x545.jpg\",\"contentUrl\":\"https:\\\/\\\/www.thai-massage-lanna.website\\\/wp-content\\\/uploads\\\/2024\\\/04\\\/PvRCw_7a-768x545.jpg\"},{\"@type\":\"BreadcrumbList\",\"@id\":\"https:\\\/\\\/www.thai-massage-lanna.website\\\/es\\\/ofertas-especiales-2\\\/#breadcrumb\",\"itemListElement\":[{\"@type\":\"ListItem\",\"position\":1,\"name\":\"Home\",\"item\":\"https:\\\/\\\/www.thai-massage-lanna.website\\\/es\\\/\"},{\"@type\":\"ListItem\",\"position\":2,\"name\":\"Ofertas especiales\"}]},{\"@type\":\"WebSite\",\"@id\":\"https:\\\/\\\/www.thai-massage-lanna.website\\\/es\\\/#website\",\"url\":\"https:\\\/\\\/www.thai-massage-lanna.website\\\/es\\\/\",\"name\":\"Thai Lanna Massage\",\"description\":\"Relax and therapeutic center\",\"publisher\":{\"@id\":\"https:\\\/\\\/www.thai-massage-lanna.website\\\/es\\\/#organization\"},\"potentialAction\":[{\"@type\":\"SearchAction\",\"target\":{\"@type\":\"EntryPoint\",\"urlTemplate\":\"https:\\\/\\\/www.thai-massage-lanna.website\\\/es\\\/?s={search_term_string}\"},\"query-input\":{\"@type\":\"PropertyValueSpecification\",\"valueRequired\":true,\"valueName\":\"search_term_string\"}}],\"inLanguage\":\"es\"},{\"@type\":\"Organization\",\"@id\":\"https:\\\/\\\/www.thai-massage-lanna.website\\\/es\\\/#organization\",\"name\":\"Thai Lanna Massage\",\"url\":\"https:\\\/\\\/www.thai-massage-lanna.website\\\/es\\\/\",\"logo\":{\"@type\":\"ImageObject\",\"inLanguage\":\"es\",\"@id\":\"https:\\\/\\\/www.thai-massage-lanna.website\\\/es\\\/#\\\/schema\\\/logo\\\/image\\\/\",\"url\":\"https:\\\/\\\/www.thai-massage-lanna.website\\\/wp-content\\\/uploads\\\/2021\\\/10\\\/cropped-Logo-Thai-Ranna-Spa-1.png\",\"contentUrl\":\"https:\\\/\\\/www.thai-massage-lanna.website\\\/wp-content\\\/uploads\\\/2021\\\/10\\\/cropped-Logo-Thai-Ranna-Spa-1.png\",\"width\":210,\"height\":172,\"caption\":\"Thai Lanna Massage\"},\"image\":{\"@id\":\"https:\\\/\\\/www.thai-massage-lanna.website\\\/es\\\/#\\\/schema\\\/logo\\\/image\\\/\"},\"sameAs\":[\"https:\\\/\\\/www.facebook.com\\\/Noottida2020\\\/\",\"https:\\\/\\\/www.instagram.com\\\/thai_lanna_massage_studio\\\/\"]}]}<\/script>\n<!-- \/ Yoast SEO plugin. -->","yoast_head_json":{"title":"Ofertas especiales - Thai Lanna Massage","description":"Hemos creado la mejor selecci\u00f3n de masajes especiales en Costa Calma donde combinamos t\u00e9cnicas orientales y occidentales. Echa un vistazo","robots":{"index":"index","follow":"follow","max-snippet":"max-snippet:-1","max-image-preview":"max-image-preview:large","max-video-preview":"max-video-preview:-1"},"canonical":"https:\/\/www.thai-massage-lanna.website\/es\/ofertas-especiales-2\/","og_locale":"es_ES","og_type":"article","og_title":"Ofertas especiales - Thai Lanna Massage","og_description":"Hemos creado la mejor selecci\u00f3n de masajes especiales en Costa Calma donde combinamos t\u00e9cnicas orientales y occidentales. Echa un vistazo","og_url":"https:\/\/www.thai-massage-lanna.website\/es\/ofertas-especiales-2\/","og_site_name":"Thai Lanna Massage","article_publisher":"https:\/\/www.facebook.com\/Noottida2020\/","article_modified_time":"2025-04-06T09:21:50+00:00","og_image":[{"url":"https:\/\/www.thai-massage-lanna.website\/wp-content\/uploads\/2024\/04\/PvRCw_7a-768x545.jpg","type":"","width":"","height":""}],"twitter_card":"summary_large_image","twitter_misc":{"Tiempo de lectura":"1 minuto"},"schema":{"@context":"https:\/\/schema.org","@graph":[{"@type":"WebPage","@id":"https:\/\/www.thai-massage-lanna.website\/es\/ofertas-especiales-2\/","url":"https:\/\/www.thai-massage-lanna.website\/es\/ofertas-especiales-2\/","name":"Ofertas especiales - Thai Lanna Massage","isPartOf":{"@id":"https:\/\/www.thai-massage-lanna.website\/es\/#website"},"primaryImageOfPage":{"@id":"https:\/\/www.thai-massage-lanna.website\/es\/ofertas-especiales-2\/#primaryimage"},"image":{"@id":"https:\/\/www.thai-massage-lanna.website\/es\/ofertas-especiales-2\/#primaryimage"},"thumbnailUrl":"https:\/\/www.thai-massage-lanna.website\/wp-content\/uploads\/2024\/04\/PvRCw_7a-768x545.jpg","datePublished":"2024-01-11T10:55:51+00:00","dateModified":"2025-04-06T09:21:50+00:00","description":"Hemos creado la mejor selecci\u00f3n de masajes especiales en Costa Calma donde combinamos t\u00e9cnicas orientales y occidentales. Echa un vistazo","breadcrumb":{"@id":"https:\/\/www.thai-massage-lanna.website\/es\/ofertas-especiales-2\/#breadcrumb"},"inLanguage":"es","potentialAction":[{"@type":"ReadAction","target":["https:\/\/www.thai-massage-lanna.website\/es\/ofertas-especiales-2\/"]}]},{"@type":"ImageObject","inLanguage":"es","@id":"https:\/\/www.thai-massage-lanna.website\/es\/ofertas-especiales-2\/#primaryimage","url":"https:\/\/www.thai-massage-lanna.website\/wp-content\/uploads\/2024\/04\/PvRCw_7a-768x545.jpg","contentUrl":"https:\/\/www.thai-massage-lanna.website\/wp-content\/uploads\/2024\/04\/PvRCw_7a-768x545.jpg"},{"@type":"BreadcrumbList","@id":"https:\/\/www.thai-massage-lanna.website\/es\/ofertas-especiales-2\/#breadcrumb","itemListElement":[{"@type":"ListItem","position":1,"name":"Home","item":"https:\/\/www.thai-massage-lanna.website\/es\/"},{"@type":"ListItem","position":2,"name":"Ofertas especiales"}]},{"@type":"WebSite","@id":"https:\/\/www.thai-massage-lanna.website\/es\/#website","url":"https:\/\/www.thai-massage-lanna.website\/es\/","name":"Thai Lanna Massage","description":"Relax and therapeutic center","publisher":{"@id":"https:\/\/www.thai-massage-lanna.website\/es\/#organization"},"potentialAction":[{"@type":"SearchAction","target":{"@type":"EntryPoint","urlTemplate":"https:\/\/www.thai-massage-lanna.website\/es\/?s={search_term_string}"},"query-input":{"@type":"PropertyValueSpecification","valueRequired":true,"valueName":"search_term_string"}}],"inLanguage":"es"},{"@type":"Organization","@id":"https:\/\/www.thai-massage-lanna.website\/es\/#organization","name":"Thai Lanna Massage","url":"https:\/\/www.thai-massage-lanna.website\/es\/","logo":{"@type":"ImageObject","inLanguage":"es","@id":"https:\/\/www.thai-massage-lanna.website\/es\/#\/schema\/logo\/image\/","url":"https:\/\/www.thai-massage-lanna.website\/wp-content\/uploads\/2021\/10\/cropped-Logo-Thai-Ranna-Spa-1.png","contentUrl":"https:\/\/www.thai-massage-lanna.website\/wp-content\/uploads\/2021\/10\/cropped-Logo-Thai-Ranna-Spa-1.png","width":210,"height":172,"caption":"Thai Lanna Massage"},"image":{"@id":"https:\/\/www.thai-massage-lanna.website\/es\/#\/schema\/logo\/image\/"},"sameAs":["https:\/\/www.facebook.com\/Noottida2020\/","https:\/\/www.instagram.com\/thai_lanna_massage_studio\/"]}]}},"_links":{"self":[{"href":"https:\/\/www.thai-massage-lanna.website\/es\/wp-json\/wp\/v2\/pages\/1216","targetHints":{"allow":["GET"]}}],"collection":[{"href":"https:\/\/www.thai-massage-lanna.website\/es\/wp-json\/wp\/v2\/pages"}],"about":[{"href":"https:\/\/www.thai-massage-lanna.website\/es\/wp-json\/wp\/v2\/types\/page"}],"author":[{"embeddable":true,"href":"https:\/\/www.thai-massage-lanna.website\/es\/wp-json\/wp\/v2\/users\/1"}],"replies":[{"embeddable":true,"href":"https:\/\/www.thai-massage-lanna.website\/es\/wp-json\/wp\/v2\/comments?post=1216"}],"version-history":[{"count":7,"href":"https:\/\/www.thai-massage-lanna.website\/es\/wp-json\/wp\/v2\/pages\/1216\/revisions"}],"predecessor-version":[{"id":1619,"href":"https:\/\/www.thai-massage-lanna.website\/es\/wp-json\/wp\/v2\/pages\/1216\/revisions\/1619"}],"wp:attachment":[{"href":"https:\/\/www.thai-massage-lanna.website\/es\/wp-json\/wp\/v2\/media?parent=1216"}],"curies":[{"name":"wp","href":"https:\/\/api.w.org\/{rel}","templated":true}]}}