{"id":1059,"date":"2021-10-06T16:34:08","date_gmt":"2021-10-06T16:34:08","guid":{"rendered":"https:\/\/www.thai-massage-lanna.website\/index.php\/thai-lanna-massage\/"},"modified":"2024-01-05T15:51:27","modified_gmt":"2024-01-05T15:51:27","slug":"thai-lanna-massage","status":"publish","type":"page","link":"https:\/\/www.thai-massage-lanna.website\/es\/thai-lanna-massage\/","title":{"rendered":"Thai Lanna Massage"},"content":{"rendered":"\n<figure class=\"wp-block-image size-large is-resized\"><img fetchpriority=\"high\" decoding=\"async\" src=\"https:\/\/www.thai-massage-lanna.website\/wp-content\/uploads\/2021\/10\/statue-holy-buddha-light-candle_73661-336-1-1.jpg\" alt=\"\" class=\"wp-image-77\" width=\"805\" height=\"562\" srcset=\"https:\/\/www.thai-massage-lanna.website\/wp-content\/uploads\/2021\/10\/statue-holy-buddha-light-candle_73661-336-1-1.jpg 626w, https:\/\/www.thai-massage-lanna.website\/wp-content\/uploads\/2021\/10\/statue-holy-buddha-light-candle_73661-336-1-1-300x209.jpg 300w\" sizes=\"(max-width: 805px) 100vw, 805px\" \/><\/figure>\n\n<h2 class=\"wp-block-heading\">Thai Lanna<\/h2>\n","protected":false},"excerpt":{"rendered":"<p>Thai Lanna<\/p>\n","protected":false},"author":1,"featured_media":0,"parent":0,"menu_order":0,"comment_status":"closed","ping_status":"closed","template":"template-business.php","meta":{"footnotes":""},"class_list":["post-1059","page","type-page","status-publish","hentry"],"yoast_head":"<!-- This site is optimized with the Yoast SEO plugin v27.4 - https:\/\/yoast.com\/product\/yoast-seo-wordpress\/ -->\n<title>Thai Lanna Massage - Thai Lanna Massage<\/title>\n<meta name=\"description\" content=\"En el Masaje Tailand\u00e9s Lanna, somos especialistas en el tratamiento corporal, tambi\u00e9n hacemos, Masaje Deportivo, Reflexolog\u00eda Podal, Masaje Facial y mucho m\u00e1s.\" \/>\n<meta name=\"robots\" content=\"index, follow, max-snippet:-1, max-image-preview:large, max-video-preview:-1\" \/>\n<link rel=\"canonical\" href=\"https:\/\/www.thai-massage-lanna.website\/es\/thai-lanna-massage\/\" \/>\n<meta property=\"og:locale\" content=\"es_ES\" \/>\n<meta property=\"og:type\" content=\"article\" \/>\n<meta property=\"og:title\" content=\"Thai Lanna Massage - Thai Lanna Massage\" \/>\n<meta property=\"og:description\" content=\"En el Masaje Tailand\u00e9s Lanna, somos especialistas en el tratamiento corporal, tambi\u00e9n hacemos, Masaje Deportivo, Reflexolog\u00eda Podal, Masaje Facial y mucho m\u00e1s.\" \/>\n<meta property=\"og:url\" content=\"https:\/\/www.thai-massage-lanna.website\/es\/thai-lanna-massage\/\" \/>\n<meta property=\"og:site_name\" content=\"Thai Lanna Massage\" \/>\n<meta property=\"article:publisher\" content=\"https:\/\/www.facebook.com\/Noottida2020\/\" \/>\n<meta property=\"article:modified_time\" content=\"2024-01-05T15:51:27+00:00\" \/>\n<meta property=\"og:image\" content=\"https:\/\/www.thai-massage-lanna.website\/wp-content\/uploads\/2021\/10\/statue-holy-buddha-light-candle_73661-336-1-1.jpg\" \/>\n<meta name=\"twitter:card\" content=\"summary_large_image\" \/>\n<script type=\"application\/ld+json\" class=\"yoast-schema-graph\">{\"@context\":\"https:\\\/\\\/schema.org\",\"@graph\":[{\"@type\":\"WebPage\",\"@id\":\"https:\\\/\\\/www.thai-massage-lanna.website\\\/es\\\/thai-lanna-massage\\\/\",\"url\":\"https:\\\/\\\/www.thai-massage-lanna.website\\\/es\\\/thai-lanna-massage\\\/\",\"name\":\"Thai Lanna Massage - Thai Lanna Massage\",\"isPartOf\":{\"@id\":\"https:\\\/\\\/www.thai-massage-lanna.website\\\/es\\\/#website\"},\"primaryImageOfPage\":{\"@id\":\"https:\\\/\\\/www.thai-massage-lanna.website\\\/es\\\/thai-lanna-massage\\\/#primaryimage\"},\"image\":{\"@id\":\"https:\\\/\\\/www.thai-massage-lanna.website\\\/es\\\/thai-lanna-massage\\\/#primaryimage\"},\"thumbnailUrl\":\"https:\\\/\\\/www.thai-massage-lanna.website\\\/wp-content\\\/uploads\\\/2021\\\/10\\\/statue-holy-buddha-light-candle_73661-336-1-1.jpg\",\"datePublished\":\"2021-10-06T16:34:08+00:00\",\"dateModified\":\"2024-01-05T15:51:27+00:00\",\"description\":\"En el Masaje Tailand\u00e9s Lanna, somos especialistas en el tratamiento corporal, tambi\u00e9n hacemos, Masaje Deportivo, Reflexolog\u00eda Podal, Masaje Facial y mucho m\u00e1s.\",\"breadcrumb\":{\"@id\":\"https:\\\/\\\/www.thai-massage-lanna.website\\\/es\\\/thai-lanna-massage\\\/#breadcrumb\"},\"inLanguage\":\"es\",\"potentialAction\":[{\"@type\":\"ReadAction\",\"target\":[\"https:\\\/\\\/www.thai-massage-lanna.website\\\/es\\\/thai-lanna-massage\\\/\"]}]},{\"@type\":\"ImageObject\",\"inLanguage\":\"es\",\"@id\":\"https:\\\/\\\/www.thai-massage-lanna.website\\\/es\\\/thai-lanna-massage\\\/#primaryimage\",\"url\":\"https:\\\/\\\/www.thai-massage-lanna.website\\\/wp-content\\\/uploads\\\/2021\\\/10\\\/statue-holy-buddha-light-candle_73661-336-1-1.jpg\",\"contentUrl\":\"https:\\\/\\\/www.thai-massage-lanna.website\\\/wp-content\\\/uploads\\\/2021\\\/10\\\/statue-holy-buddha-light-candle_73661-336-1-1.jpg\"},{\"@type\":\"BreadcrumbList\",\"@id\":\"https:\\\/\\\/www.thai-massage-lanna.website\\\/es\\\/thai-lanna-massage\\\/#breadcrumb\",\"itemListElement\":[{\"@type\":\"ListItem\",\"position\":1,\"name\":\"Home\",\"item\":\"https:\\\/\\\/www.thai-massage-lanna.website\\\/es\\\/\"},{\"@type\":\"ListItem\",\"position\":2,\"name\":\"Thai Lanna Massage\"}]},{\"@type\":\"WebSite\",\"@id\":\"https:\\\/\\\/www.thai-massage-lanna.website\\\/es\\\/#website\",\"url\":\"https:\\\/\\\/www.thai-massage-lanna.website\\\/es\\\/\",\"name\":\"Thai Lanna Massage\",\"description\":\"Relax and therapeutic center\",\"publisher\":{\"@id\":\"https:\\\/\\\/www.thai-massage-lanna.website\\\/es\\\/#organization\"},\"potentialAction\":[{\"@type\":\"SearchAction\",\"target\":{\"@type\":\"EntryPoint\",\"urlTemplate\":\"https:\\\/\\\/www.thai-massage-lanna.website\\\/es\\\/?s={search_term_string}\"},\"query-input\":{\"@type\":\"PropertyValueSpecification\",\"valueRequired\":true,\"valueName\":\"search_term_string\"}}],\"inLanguage\":\"es\"},{\"@type\":\"Organization\",\"@id\":\"https:\\\/\\\/www.thai-massage-lanna.website\\\/es\\\/#organization\",\"name\":\"Thai Lanna Massage\",\"url\":\"https:\\\/\\\/www.thai-massage-lanna.website\\\/es\\\/\",\"logo\":{\"@type\":\"ImageObject\",\"inLanguage\":\"es\",\"@id\":\"https:\\\/\\\/www.thai-massage-lanna.website\\\/es\\\/#\\\/schema\\\/logo\\\/image\\\/\",\"url\":\"https:\\\/\\\/www.thai-massage-lanna.website\\\/wp-content\\\/uploads\\\/2021\\\/10\\\/cropped-Logo-Thai-Ranna-Spa-1.png\",\"contentUrl\":\"https:\\\/\\\/www.thai-massage-lanna.website\\\/wp-content\\\/uploads\\\/2021\\\/10\\\/cropped-Logo-Thai-Ranna-Spa-1.png\",\"width\":210,\"height\":172,\"caption\":\"Thai Lanna Massage\"},\"image\":{\"@id\":\"https:\\\/\\\/www.thai-massage-lanna.website\\\/es\\\/#\\\/schema\\\/logo\\\/image\\\/\"},\"sameAs\":[\"https:\\\/\\\/www.facebook.com\\\/Noottida2020\\\/\",\"https:\\\/\\\/www.instagram.com\\\/thai_lanna_massage_studio\\\/\"]}]}<\/script>\n<!-- \/ Yoast SEO plugin. -->","yoast_head_json":{"title":"Thai Lanna Massage - Thai Lanna Massage","description":"En el Masaje Tailand\u00e9s Lanna, somos especialistas en el tratamiento corporal, tambi\u00e9n hacemos, Masaje Deportivo, Reflexolog\u00eda Podal, Masaje Facial y mucho m\u00e1s.","robots":{"index":"index","follow":"follow","max-snippet":"max-snippet:-1","max-image-preview":"max-image-preview:large","max-video-preview":"max-video-preview:-1"},"canonical":"https:\/\/www.thai-massage-lanna.website\/es\/thai-lanna-massage\/","og_locale":"es_ES","og_type":"article","og_title":"Thai Lanna Massage - Thai Lanna Massage","og_description":"En el Masaje Tailand\u00e9s Lanna, somos especialistas en el tratamiento corporal, tambi\u00e9n hacemos, Masaje Deportivo, Reflexolog\u00eda Podal, Masaje Facial y mucho m\u00e1s.","og_url":"https:\/\/www.thai-massage-lanna.website\/es\/thai-lanna-massage\/","og_site_name":"Thai Lanna Massage","article_publisher":"https:\/\/www.facebook.com\/Noottida2020\/","article_modified_time":"2024-01-05T15:51:27+00:00","og_image":[{"url":"https:\/\/www.thai-massage-lanna.website\/wp-content\/uploads\/2021\/10\/statue-holy-buddha-light-candle_73661-336-1-1.jpg","type":"","width":"","height":""}],"twitter_card":"summary_large_image","schema":{"@context":"https:\/\/schema.org","@graph":[{"@type":"WebPage","@id":"https:\/\/www.thai-massage-lanna.website\/es\/thai-lanna-massage\/","url":"https:\/\/www.thai-massage-lanna.website\/es\/thai-lanna-massage\/","name":"Thai Lanna Massage - Thai Lanna Massage","isPartOf":{"@id":"https:\/\/www.thai-massage-lanna.website\/es\/#website"},"primaryImageOfPage":{"@id":"https:\/\/www.thai-massage-lanna.website\/es\/thai-lanna-massage\/#primaryimage"},"image":{"@id":"https:\/\/www.thai-massage-lanna.website\/es\/thai-lanna-massage\/#primaryimage"},"thumbnailUrl":"https:\/\/www.thai-massage-lanna.website\/wp-content\/uploads\/2021\/10\/statue-holy-buddha-light-candle_73661-336-1-1.jpg","datePublished":"2021-10-06T16:34:08+00:00","dateModified":"2024-01-05T15:51:27+00:00","description":"En el Masaje Tailand\u00e9s Lanna, somos especialistas en el tratamiento corporal, tambi\u00e9n hacemos, Masaje Deportivo, Reflexolog\u00eda Podal, Masaje Facial y mucho m\u00e1s.","breadcrumb":{"@id":"https:\/\/www.thai-massage-lanna.website\/es\/thai-lanna-massage\/#breadcrumb"},"inLanguage":"es","potentialAction":[{"@type":"ReadAction","target":["https:\/\/www.thai-massage-lanna.website\/es\/thai-lanna-massage\/"]}]},{"@type":"ImageObject","inLanguage":"es","@id":"https:\/\/www.thai-massage-lanna.website\/es\/thai-lanna-massage\/#primaryimage","url":"https:\/\/www.thai-massage-lanna.website\/wp-content\/uploads\/2021\/10\/statue-holy-buddha-light-candle_73661-336-1-1.jpg","contentUrl":"https:\/\/www.thai-massage-lanna.website\/wp-content\/uploads\/2021\/10\/statue-holy-buddha-light-candle_73661-336-1-1.jpg"},{"@type":"BreadcrumbList","@id":"https:\/\/www.thai-massage-lanna.website\/es\/thai-lanna-massage\/#breadcrumb","itemListElement":[{"@type":"ListItem","position":1,"name":"Home","item":"https:\/\/www.thai-massage-lanna.website\/es\/"},{"@type":"ListItem","position":2,"name":"Thai Lanna Massage"}]},{"@type":"WebSite","@id":"https:\/\/www.thai-massage-lanna.website\/es\/#website","url":"https:\/\/www.thai-massage-lanna.website\/es\/","name":"Thai Lanna Massage","description":"Relax and therapeutic center","publisher":{"@id":"https:\/\/www.thai-massage-lanna.website\/es\/#organization"},"potentialAction":[{"@type":"SearchAction","target":{"@type":"EntryPoint","urlTemplate":"https:\/\/www.thai-massage-lanna.website\/es\/?s={search_term_string}"},"query-input":{"@type":"PropertyValueSpecification","valueRequired":true,"valueName":"search_term_string"}}],"inLanguage":"es"},{"@type":"Organization","@id":"https:\/\/www.thai-massage-lanna.website\/es\/#organization","name":"Thai Lanna Massage","url":"https:\/\/www.thai-massage-lanna.website\/es\/","logo":{"@type":"ImageObject","inLanguage":"es","@id":"https:\/\/www.thai-massage-lanna.website\/es\/#\/schema\/logo\/image\/","url":"https:\/\/www.thai-massage-lanna.website\/wp-content\/uploads\/2021\/10\/cropped-Logo-Thai-Ranna-Spa-1.png","contentUrl":"https:\/\/www.thai-massage-lanna.website\/wp-content\/uploads\/2021\/10\/cropped-Logo-Thai-Ranna-Spa-1.png","width":210,"height":172,"caption":"Thai Lanna Massage"},"image":{"@id":"https:\/\/www.thai-massage-lanna.website\/es\/#\/schema\/logo\/image\/"},"sameAs":["https:\/\/www.facebook.com\/Noottida2020\/","https:\/\/www.instagram.com\/thai_lanna_massage_studio\/"]}]}},"_links":{"self":[{"href":"https:\/\/www.thai-massage-lanna.website\/es\/wp-json\/wp\/v2\/pages\/1059","targetHints":{"allow":["GET"]}}],"collection":[{"href":"https:\/\/www.thai-massage-lanna.website\/es\/wp-json\/wp\/v2\/pages"}],"about":[{"href":"https:\/\/www.thai-massage-lanna.website\/es\/wp-json\/wp\/v2\/types\/page"}],"author":[{"embeddable":true,"href":"https:\/\/www.thai-massage-lanna.website\/es\/wp-json\/wp\/v2\/users\/1"}],"replies":[{"embeddable":true,"href":"https:\/\/www.thai-massage-lanna.website\/es\/wp-json\/wp\/v2\/comments?post=1059"}],"version-history":[{"count":1,"href":"https:\/\/www.thai-massage-lanna.website\/es\/wp-json\/wp\/v2\/pages\/1059\/revisions"}],"predecessor-version":[{"id":1060,"href":"https:\/\/www.thai-massage-lanna.website\/es\/wp-json\/wp\/v2\/pages\/1059\/revisions\/1060"}],"wp:attachment":[{"href":"https:\/\/www.thai-massage-lanna.website\/es\/wp-json\/wp\/v2\/media?parent=1059"}],"curies":[{"name":"wp","href":"https:\/\/api.w.org\/{rel}","templated":true}]}}