{"id":1214,"date":"2024-01-11T10:55:51","date_gmt":"2024-01-11T10:55:51","guid":{"rendered":"https:\/\/www.thai-massage-lanna.website\/index.php\/special-offers-2\/"},"modified":"2025-04-06T09:28:16","modified_gmt":"2025-04-06T09:28:16","slug":"special-offers-2","status":"publish","type":"page","link":"https:\/\/www.thai-massage-lanna.website\/de\/special-offers-2\/","title":{"rendered":"Special Offers"},"content":{"rendered":"\t\t<div data-elementor-type=\"wp-page\" data-elementor-id=\"1214\" class=\"elementor elementor-1214 elementor-1143\">\n\t\t\t\t\t\t<section class=\"elementor-section elementor-top-section elementor-element elementor-element-00d369c elementor-section-boxed elementor-section-height-default elementor-section-height-default\" data-id=\"00d369c\" data-element_type=\"section\" data-e-type=\"section\">\n\t\t\t\t\t\t<div class=\"elementor-container elementor-column-gap-default\">\n\t\t\t\t\t<div class=\"elementor-column elementor-col-100 elementor-top-column elementor-element elementor-element-695970c\" data-id=\"695970c\" data-element_type=\"column\" data-e-type=\"column\">\n\t\t\t<div class=\"elementor-widget-wrap\">\n\t\t\t\t\t\t\t<\/div>\n\t\t<\/div>\n\t\t\t\t\t<\/div>\n\t\t<\/section>\n\t\t\t\t<section class=\"elementor-section elementor-top-section elementor-element elementor-element-7b4c891 elementor-section-boxed elementor-section-height-default elementor-section-height-default\" data-id=\"7b4c891\" data-element_type=\"section\" data-e-type=\"section\">\n\t\t\t\t\t\t<div class=\"elementor-container elementor-column-gap-default\">\n\t\t\t\t\t<div class=\"elementor-column elementor-col-100 elementor-top-column elementor-element elementor-element-113299e\" data-id=\"113299e\" data-element_type=\"column\" data-e-type=\"column\">\n\t\t\t<div class=\"elementor-widget-wrap elementor-element-populated\">\n\t\t\t\t\t\t<div class=\"elementor-element elementor-element-1928326 elementor-widget elementor-widget-heading\" data-id=\"1928326\" data-element_type=\"widget\" data-e-type=\"widget\" data-widget_type=\"heading.default\">\n\t\t\t\t<div class=\"elementor-widget-container\">\n\t\t\t\t\t<h2 class=\"elementor-heading-title elementor-size-large\">Massage f\u00fcr Paare<\/h2>\t\t\t\t<\/div>\n\t\t\t\t<\/div>\n\t\t\t\t<div class=\"elementor-element elementor-element-83fb231 elementor-widget elementor-widget-image\" data-id=\"83fb231\" data-element_type=\"widget\" data-e-type=\"widget\" data-widget_type=\"image.default\">\n\t\t\t\t<div class=\"elementor-widget-container\">\n\t\t\t\t\t\t\t\t\t\t\t\t\t\t\t<img fetchpriority=\"high\" decoding=\"async\" width=\"696\" height=\"494\" src=\"https:\/\/www.thai-massage-lanna.website\/wp-content\/uploads\/2024\/04\/PvRCw_7a-768x545.jpg\" class=\"attachment-medium_large size-medium_large wp-image-1260\" alt=\"\" srcset=\"https:\/\/www.thai-massage-lanna.website\/wp-content\/uploads\/2024\/04\/PvRCw_7a-768x545.jpg 768w, https:\/\/www.thai-massage-lanna.website\/wp-content\/uploads\/2024\/04\/PvRCw_7a-300x213.jpg 300w, https:\/\/www.thai-massage-lanna.website\/wp-content\/uploads\/2024\/04\/PvRCw_7a-1024x726.jpg 1024w, https:\/\/www.thai-massage-lanna.website\/wp-content\/uploads\/2024\/04\/PvRCw_7a-1536x1090.jpg 1536w, https:\/\/www.thai-massage-lanna.website\/wp-content\/uploads\/2024\/04\/PvRCw_7a.jpg 1748w\" sizes=\"(max-width: 696px) 100vw, 696px\" \/>\t\t\t\t\t\t\t\t\t\t\t\t\t\t\t<\/div>\n\t\t\t\t<\/div>\n\t\t\t\t<div class=\"elementor-element elementor-element-2a928d6 elementor-widget elementor-widget-text-editor\" data-id=\"2a928d6\" data-element_type=\"widget\" data-e-type=\"widget\" data-widget_type=\"text-editor.default\">\n\t\t\t\t<div class=\"elementor-widget-container\">\n\t\t\t\t\t\t\t\t\t<p><em><strong>Diese Massage ist eine Kombination aus \u00d6lmassage und Thaimassage, bei der fester Druck und tiefe rhythmische Bewegungen eingesetzt werden;<\/strong><\/em><\/p><p><em><strong>Bei der Thai-\u00d6lmassage wird mit der Handfl\u00e4che und den Ellbogen mittlerer bis starker Druck, gleitende, rollende, streichende und dehnende Bewegungen ausge\u00fcbt;<\/strong><\/em><\/p><p><em><strong>Alte Heilmethoden, die auf der Anwendung von mit Medizinbalsam vermischtem \u00d6l an Stellen im K\u00f6rper basieren, durch die Energie flie\u00dft.<\/strong><\/em><\/p><p><em><strong>1 Hour : 65 Euros P.p<\/strong><\/em><\/p><p><em><strong>1.5 Hours: 86 Euros P.p<\/strong><\/em><\/p><p><em><strong>2 Stunden: 120 Euro. P.p<\/strong><\/em><\/p>\t\t\t\t\t\t\t\t<\/div>\n\t\t\t\t<\/div>\n\t\t\t\t<div class=\"elementor-element elementor-element-dc8284e elementor-button-warning elementor-align-center elementor-widget elementor-widget-button\" data-id=\"dc8284e\" data-element_type=\"widget\" data-e-type=\"widget\" data-widget_type=\"button.default\">\n\t\t\t\t<div class=\"elementor-widget-container\">\n\t\t\t\t\t\t\t\t\t<div class=\"elementor-button-wrapper\">\n\t\t\t\t\t<a class=\"elementor-button elementor-button-link elementor-size-lg\" href=\"https:\/\/book.heygoldie.com\/Thai-Lanna-Massage\/checkout\">\n\t\t\t\t\t\t<span class=\"elementor-button-content-wrapper\">\n\t\t\t\t\t\t\t\t\t<span class=\"elementor-button-text\">Jetzt buchen<\/span>\n\t\t\t\t\t<\/span>\n\t\t\t\t\t<\/a>\n\t\t\t\t<\/div>\n\t\t\t\t\t\t\t\t<\/div>\n\t\t\t\t<\/div>\n\t\t\t\t\t<\/div>\n\t\t<\/div>\n\t\t\t\t\t<\/div>\n\t\t<\/section>\n\t\t\t\t<section class=\"elementor-section elementor-top-section elementor-element elementor-element-7d0439e elementor-section-boxed elementor-section-height-default elementor-section-height-default\" data-id=\"7d0439e\" data-element_type=\"section\" data-e-type=\"section\">\n\t\t\t\t\t\t<div class=\"elementor-container elementor-column-gap-default\">\n\t\t\t\t\t<div class=\"elementor-column elementor-col-100 elementor-top-column elementor-element elementor-element-b7a3977\" data-id=\"b7a3977\" data-element_type=\"column\" data-e-type=\"column\">\n\t\t\t<div class=\"elementor-widget-wrap elementor-element-populated\">\n\t\t\t\t\t\t<div class=\"elementor-element elementor-element-d484c96 elementor-widget elementor-widget-heading\" data-id=\"d484c96\" data-element_type=\"widget\" data-e-type=\"widget\" data-widget_type=\"heading.default\">\n\t\t\t\t<div class=\"elementor-widget-container\">\n\t\t\t\t\t<h2 class=\"elementor-heading-title elementor-size-large\">Sbai Sbai Massage<\/h2>\t\t\t\t<\/div>\n\t\t\t\t<\/div>\n\t\t\t\t<div class=\"elementor-element elementor-element-fa70633 elementor-widget elementor-widget-image\" data-id=\"fa70633\" data-element_type=\"widget\" data-e-type=\"widget\" data-widget_type=\"image.default\">\n\t\t\t\t<div class=\"elementor-widget-container\">\n\t\t\t\t\t\t\t\t\t\t\t\t\t\t\t<img decoding=\"async\" width=\"696\" height=\"464\" src=\"https:\/\/www.thai-massage-lanna.website\/wp-content\/uploads\/2024\/04\/kraeftige-thai-massage-1024x683-1-768x512.jpg\" class=\"attachment-medium_large size-medium_large wp-image-1330\" alt=\"massage sbai in costa calma\" srcset=\"https:\/\/www.thai-massage-lanna.website\/wp-content\/uploads\/2024\/04\/kraeftige-thai-massage-1024x683-1-768x512.jpg 768w, https:\/\/www.thai-massage-lanna.website\/wp-content\/uploads\/2024\/04\/kraeftige-thai-massage-1024x683-1-300x200.jpg 300w, https:\/\/www.thai-massage-lanna.website\/wp-content\/uploads\/2024\/04\/kraeftige-thai-massage-1024x683-1.jpg 1024w\" sizes=\"(max-width: 696px) 100vw, 696px\" \/>\t\t\t\t\t\t\t\t\t\t\t\t\t\t\t<\/div>\n\t\t\t\t<\/div>\n\t\t\t\t<div class=\"elementor-element elementor-element-0394f45 elementor-widget elementor-widget-text-editor\" data-id=\"0394f45\" data-element_type=\"widget\" data-e-type=\"widget\" data-widget_type=\"text-editor.default\">\n\t\t\t\t<div class=\"elementor-widget-container\">\n\t\t\t\t\t\t\t\t\t<p><b><i>Sbai Sbai Massage ist eine Art von Massage, die wir in offert kreiert haben, wo wir westliche und orientalische Techniken kombiniert haben, um eine sehr effektive Massage zu machen, um zu entspannen und Spannungen zu l\u00f6sen.<\/i><\/b><\/p><p><em><strong>1 Hour : 50 Euros P.p<\/strong><\/em><\/p><p> <\/p><p> <\/p>\t\t\t\t\t\t\t\t<\/div>\n\t\t\t\t<\/div>\n\t\t\t\t<div class=\"elementor-element elementor-element-ccdfd66 elementor-button-warning elementor-align-center elementor-widget elementor-widget-button\" data-id=\"ccdfd66\" data-element_type=\"widget\" data-e-type=\"widget\" data-widget_type=\"button.default\">\n\t\t\t\t<div class=\"elementor-widget-container\">\n\t\t\t\t\t\t\t\t\t<div class=\"elementor-button-wrapper\">\n\t\t\t\t\t<a class=\"elementor-button elementor-button-link elementor-size-lg\" href=\"https:\/\/book.heygoldie.com\/Thai-Lanna-Massage\/checkout\">\n\t\t\t\t\t\t<span class=\"elementor-button-content-wrapper\">\n\t\t\t\t\t\t\t\t\t<span class=\"elementor-button-text\">Jetzt buchen<\/span>\n\t\t\t\t\t<\/span>\n\t\t\t\t\t<\/a>\n\t\t\t\t<\/div>\n\t\t\t\t\t\t\t\t<\/div>\n\t\t\t\t<\/div>\n\t\t\t\t\t<\/div>\n\t\t<\/div>\n\t\t\t\t\t<\/div>\n\t\t<\/section>\n\t\t\t\t<section class=\"elementor-section elementor-top-section elementor-element elementor-element-2a09dbe elementor-section-boxed elementor-section-height-default elementor-section-height-default\" data-id=\"2a09dbe\" data-element_type=\"section\" data-e-type=\"section\">\n\t\t\t\t\t\t<div class=\"elementor-container elementor-column-gap-default\">\n\t\t\t\t\t<div class=\"elementor-column elementor-col-100 elementor-top-column elementor-element elementor-element-97de298\" data-id=\"97de298\" data-element_type=\"column\" data-e-type=\"column\">\n\t\t\t<div class=\"elementor-widget-wrap elementor-element-populated\">\n\t\t\t\t\t\t<div class=\"elementor-element elementor-element-46ade9f elementor-widget elementor-widget-heading\" data-id=\"46ade9f\" data-element_type=\"widget\" data-e-type=\"widget\" data-widget_type=\"heading.default\">\n\t\t\t\t<div class=\"elementor-widget-container\">\n\t\t\t\t\t<h2 class=\"elementor-heading-title elementor-size-large\">Warme Aroma\u00f6l-Massage<\/h2>\t\t\t\t<\/div>\n\t\t\t\t<\/div>\n\t\t\t\t<div class=\"elementor-element elementor-element-cad2123 elementor-widget elementor-widget-image\" data-id=\"cad2123\" data-element_type=\"widget\" data-e-type=\"widget\" data-widget_type=\"image.default\">\n\t\t\t\t<div class=\"elementor-widget-container\">\n\t\t\t\t\t\t\t\t\t\t\t\t\t\t\t<img decoding=\"async\" width=\"696\" height=\"522\" src=\"https:\/\/www.thai-massage-lanna.website\/wp-content\/uploads\/2023\/11\/370328372_258144783557796_755251186177050316_n-768x576.jpg\" class=\"attachment-medium_large size-medium_large wp-image-989\" alt=\"warm relaxin oil massage in costa calma\" srcset=\"https:\/\/www.thai-massage-lanna.website\/wp-content\/uploads\/2023\/11\/370328372_258144783557796_755251186177050316_n-768x576.jpg 768w, https:\/\/www.thai-massage-lanna.website\/wp-content\/uploads\/2023\/11\/370328372_258144783557796_755251186177050316_n-300x225.jpg 300w, https:\/\/www.thai-massage-lanna.website\/wp-content\/uploads\/2023\/11\/370328372_258144783557796_755251186177050316_n-1024x768.jpg 1024w, https:\/\/www.thai-massage-lanna.website\/wp-content\/uploads\/2023\/11\/370328372_258144783557796_755251186177050316_n-1536x1152.jpg 1536w, https:\/\/www.thai-massage-lanna.website\/wp-content\/uploads\/2023\/11\/370328372_258144783557796_755251186177050316_n.jpg 1728w\" sizes=\"(max-width: 696px) 100vw, 696px\" \/>\t\t\t\t\t\t\t\t\t\t\t\t\t\t\t<\/div>\n\t\t\t\t<\/div>\n\t\t\t\t<div class=\"elementor-element elementor-element-54dcb1b elementor-widget elementor-widget-text-editor\" data-id=\"54dcb1b\" data-element_type=\"widget\" data-e-type=\"widget\" data-widget_type=\"text-editor.default\">\n\t\t\t\t<div class=\"elementor-widget-container\">\n\t\t\t\t\t\t\t\t\t<p><b><i>Wir kreieren diese warme Aroma\u00f6lmassage, damit Sie sich in Ihrem Urlaub an der Costa Calma vollkommen entspannen k\u00f6nnen. Diese Massage ist \u00e4hnlich der Ayhurveda-Massage, aber mit unserem Zeichen. Wenn du entspannende Massagen magst, wirst du sie lieben.<\/i><\/b><\/p><p> <\/p><p><em><strong>1 Hour : 50 Euros P.p<\/strong><\/em><\/p>\t\t\t\t\t\t\t\t<\/div>\n\t\t\t\t<\/div>\n\t\t\t\t<div class=\"elementor-element elementor-element-098b692 elementor-button-warning elementor-align-center elementor-widget elementor-widget-button\" data-id=\"098b692\" data-element_type=\"widget\" data-e-type=\"widget\" data-widget_type=\"button.default\">\n\t\t\t\t<div class=\"elementor-widget-container\">\n\t\t\t\t\t\t\t\t\t<div class=\"elementor-button-wrapper\">\n\t\t\t\t\t<a class=\"elementor-button elementor-button-link elementor-size-lg\" href=\"https:\/\/book.heygoldie.com\/Thai-Lanna-Massage\/checkout\">\n\t\t\t\t\t\t<span class=\"elementor-button-content-wrapper\">\n\t\t\t\t\t\t\t\t\t<span class=\"elementor-button-text\">Jetzt buchen<\/span>\n\t\t\t\t\t<\/span>\n\t\t\t\t\t<\/a>\n\t\t\t\t<\/div>\n\t\t\t\t\t\t\t\t<\/div>\n\t\t\t\t<\/div>\n\t\t\t\t\t<\/div>\n\t\t<\/div>\n\t\t\t\t\t<\/div>\n\t\t<\/section>\n\t\t\t\t<section class=\"elementor-section elementor-top-section elementor-element elementor-element-c35b35d elementor-section-boxed elementor-section-height-default elementor-section-height-default\" data-id=\"c35b35d\" data-element_type=\"section\" data-e-type=\"section\">\n\t\t\t\t\t\t<div class=\"elementor-container elementor-column-gap-default\">\n\t\t\t\t\t<div class=\"elementor-column elementor-col-100 elementor-top-column elementor-element elementor-element-8a6ac42\" data-id=\"8a6ac42\" data-element_type=\"column\" data-e-type=\"column\">\n\t\t\t<div class=\"elementor-widget-wrap\">\n\t\t\t\t\t\t\t<\/div>\n\t\t<\/div>\n\t\t\t\t\t<\/div>\n\t\t<\/section>\n\t\t\t\t<\/div>\n\t\t","protected":false},"excerpt":{"rendered":"<p>Massage f\u00fcr Paare Diese Massage ist eine Kombination aus \u00d6lmassage und Thaimassage, bei der fester Druck und tiefe rhythmische Bewegungen eingesetzt werden; Bei der Thai-\u00d6lmassage wird mit der Handfl\u00e4che und den Ellbogen mittlerer bis starker Druck, gleitende, rollende, streichende und dehnende Bewegungen ausge\u00fcbt; Alte Heilmethoden, die auf der Anwendung von mit Medizinbalsam vermischtem \u00d6l an<\/p><\/div>\n<div class=\"blog-btn\"><a href=\"https:\/\/www.thai-massage-lanna.website\/de\/special-offers-2\/\" class=\"home-blog-btn\">Weiterlesen<\/a><\/p>\n","protected":false},"author":1,"featured_media":0,"parent":0,"menu_order":0,"comment_status":"closed","ping_status":"closed","template":"","meta":{"footnotes":""},"class_list":["post-1214","page","type-page","status-publish","hentry"],"yoast_head":"<!-- This site is optimized with the Yoast SEO plugin v27.4 - https:\/\/yoast.com\/product\/yoast-seo-wordpress\/ -->\n<title>Special Offers - Thai Lanna Massage<\/title>\n<meta name=\"description\" content=\"We have create the best selection of special Offerts Massage in Costa Calma where we combined Oriental and Occidental techniques. Schauen Sie mal\" \/>\n<meta name=\"robots\" content=\"index, follow, max-snippet:-1, max-image-preview:large, max-video-preview:-1\" \/>\n<link rel=\"canonical\" href=\"https:\/\/www.thai-massage-lanna.website\/de\/special-offers-2\/\" \/>\n<meta property=\"og:locale\" content=\"de_DE\" \/>\n<meta property=\"og:type\" content=\"article\" \/>\n<meta property=\"og:title\" content=\"Special Offers - Thai Lanna Massage\" \/>\n<meta property=\"og:description\" content=\"We have create the best selection of special Offerts Massage in Costa Calma where we combined Oriental and Occidental techniques. Schauen Sie mal\" \/>\n<meta property=\"og:url\" content=\"https:\/\/www.thai-massage-lanna.website\/de\/special-offers-2\/\" \/>\n<meta property=\"og:site_name\" content=\"Thai Lanna Massage\" \/>\n<meta property=\"article:publisher\" content=\"https:\/\/www.facebook.com\/Noottida2020\/\" \/>\n<meta property=\"article:modified_time\" content=\"2025-04-06T09:28:16+00:00\" \/>\n<meta property=\"og:image\" content=\"https:\/\/www.thai-massage-lanna.website\/wp-content\/uploads\/2024\/04\/PvRCw_7a-768x545.jpg\" \/>\n<meta name=\"twitter:card\" content=\"summary_large_image\" \/>\n<meta name=\"twitter:label1\" content=\"Gesch\u00e4tzte Lesezeit\" \/>\n\t<meta name=\"twitter:data1\" content=\"2\u00a0Minuten\" \/>\n<script type=\"application\/ld+json\" class=\"yoast-schema-graph\">{\"@context\":\"https:\\\/\\\/schema.org\",\"@graph\":[{\"@type\":\"WebPage\",\"@id\":\"https:\\\/\\\/www.thai-massage-lanna.website\\\/de\\\/special-offers-2\\\/\",\"url\":\"https:\\\/\\\/www.thai-massage-lanna.website\\\/de\\\/special-offers-2\\\/\",\"name\":\"Special Offers - Thai Lanna Massage\",\"isPartOf\":{\"@id\":\"https:\\\/\\\/www.thai-massage-lanna.website\\\/de\\\/#website\"},\"primaryImageOfPage\":{\"@id\":\"https:\\\/\\\/www.thai-massage-lanna.website\\\/de\\\/special-offers-2\\\/#primaryimage\"},\"image\":{\"@id\":\"https:\\\/\\\/www.thai-massage-lanna.website\\\/de\\\/special-offers-2\\\/#primaryimage\"},\"thumbnailUrl\":\"https:\\\/\\\/www.thai-massage-lanna.website\\\/wp-content\\\/uploads\\\/2024\\\/04\\\/PvRCw_7a-768x545.jpg\",\"datePublished\":\"2024-01-11T10:55:51+00:00\",\"dateModified\":\"2025-04-06T09:28:16+00:00\",\"description\":\"We have create the best selection of special Offerts Massage in Costa Calma where we combined Oriental and Occidental techniques. Schauen Sie mal\",\"breadcrumb\":{\"@id\":\"https:\\\/\\\/www.thai-massage-lanna.website\\\/de\\\/special-offers-2\\\/#breadcrumb\"},\"inLanguage\":\"de\",\"potentialAction\":[{\"@type\":\"ReadAction\",\"target\":[\"https:\\\/\\\/www.thai-massage-lanna.website\\\/de\\\/special-offers-2\\\/\"]}]},{\"@type\":\"ImageObject\",\"inLanguage\":\"de\",\"@id\":\"https:\\\/\\\/www.thai-massage-lanna.website\\\/de\\\/special-offers-2\\\/#primaryimage\",\"url\":\"https:\\\/\\\/www.thai-massage-lanna.website\\\/wp-content\\\/uploads\\\/2024\\\/04\\\/PvRCw_7a-768x545.jpg\",\"contentUrl\":\"https:\\\/\\\/www.thai-massage-lanna.website\\\/wp-content\\\/uploads\\\/2024\\\/04\\\/PvRCw_7a-768x545.jpg\"},{\"@type\":\"BreadcrumbList\",\"@id\":\"https:\\\/\\\/www.thai-massage-lanna.website\\\/de\\\/special-offers-2\\\/#breadcrumb\",\"itemListElement\":[{\"@type\":\"ListItem\",\"position\":1,\"name\":\"Home\",\"item\":\"https:\\\/\\\/www.thai-massage-lanna.website\\\/de\\\/\"},{\"@type\":\"ListItem\",\"position\":2,\"name\":\"Special Offers\"}]},{\"@type\":\"WebSite\",\"@id\":\"https:\\\/\\\/www.thai-massage-lanna.website\\\/de\\\/#website\",\"url\":\"https:\\\/\\\/www.thai-massage-lanna.website\\\/de\\\/\",\"name\":\"Thai Lanna Massage\",\"description\":\"Relax and therapeutic center\",\"publisher\":{\"@id\":\"https:\\\/\\\/www.thai-massage-lanna.website\\\/de\\\/#organization\"},\"potentialAction\":[{\"@type\":\"SearchAction\",\"target\":{\"@type\":\"EntryPoint\",\"urlTemplate\":\"https:\\\/\\\/www.thai-massage-lanna.website\\\/de\\\/?s={search_term_string}\"},\"query-input\":{\"@type\":\"PropertyValueSpecification\",\"valueRequired\":true,\"valueName\":\"search_term_string\"}}],\"inLanguage\":\"de\"},{\"@type\":\"Organization\",\"@id\":\"https:\\\/\\\/www.thai-massage-lanna.website\\\/de\\\/#organization\",\"name\":\"Thai Lanna Massage\",\"url\":\"https:\\\/\\\/www.thai-massage-lanna.website\\\/de\\\/\",\"logo\":{\"@type\":\"ImageObject\",\"inLanguage\":\"de\",\"@id\":\"https:\\\/\\\/www.thai-massage-lanna.website\\\/de\\\/#\\\/schema\\\/logo\\\/image\\\/\",\"url\":\"https:\\\/\\\/www.thai-massage-lanna.website\\\/wp-content\\\/uploads\\\/2021\\\/10\\\/cropped-Logo-Thai-Ranna-Spa-1.png\",\"contentUrl\":\"https:\\\/\\\/www.thai-massage-lanna.website\\\/wp-content\\\/uploads\\\/2021\\\/10\\\/cropped-Logo-Thai-Ranna-Spa-1.png\",\"width\":210,\"height\":172,\"caption\":\"Thai Lanna Massage\"},\"image\":{\"@id\":\"https:\\\/\\\/www.thai-massage-lanna.website\\\/de\\\/#\\\/schema\\\/logo\\\/image\\\/\"},\"sameAs\":[\"https:\\\/\\\/www.facebook.com\\\/Noottida2020\\\/\",\"https:\\\/\\\/www.instagram.com\\\/thai_lanna_massage_studio\\\/\"]}]}<\/script>\n<!-- \/ Yoast SEO plugin. -->","yoast_head_json":{"title":"Special Offers - Thai Lanna Massage","description":"We have create the best selection of special Offerts Massage in Costa Calma where we combined Oriental and Occidental techniques. Schauen Sie mal","robots":{"index":"index","follow":"follow","max-snippet":"max-snippet:-1","max-image-preview":"max-image-preview:large","max-video-preview":"max-video-preview:-1"},"canonical":"https:\/\/www.thai-massage-lanna.website\/de\/special-offers-2\/","og_locale":"de_DE","og_type":"article","og_title":"Special Offers - Thai Lanna Massage","og_description":"We have create the best selection of special Offerts Massage in Costa Calma where we combined Oriental and Occidental techniques. Schauen Sie mal","og_url":"https:\/\/www.thai-massage-lanna.website\/de\/special-offers-2\/","og_site_name":"Thai Lanna Massage","article_publisher":"https:\/\/www.facebook.com\/Noottida2020\/","article_modified_time":"2025-04-06T09:28:16+00:00","og_image":[{"url":"https:\/\/www.thai-massage-lanna.website\/wp-content\/uploads\/2024\/04\/PvRCw_7a-768x545.jpg","type":"","width":"","height":""}],"twitter_card":"summary_large_image","twitter_misc":{"Gesch\u00e4tzte Lesezeit":"2\u00a0Minuten"},"schema":{"@context":"https:\/\/schema.org","@graph":[{"@type":"WebPage","@id":"https:\/\/www.thai-massage-lanna.website\/de\/special-offers-2\/","url":"https:\/\/www.thai-massage-lanna.website\/de\/special-offers-2\/","name":"Special Offers - Thai Lanna Massage","isPartOf":{"@id":"https:\/\/www.thai-massage-lanna.website\/de\/#website"},"primaryImageOfPage":{"@id":"https:\/\/www.thai-massage-lanna.website\/de\/special-offers-2\/#primaryimage"},"image":{"@id":"https:\/\/www.thai-massage-lanna.website\/de\/special-offers-2\/#primaryimage"},"thumbnailUrl":"https:\/\/www.thai-massage-lanna.website\/wp-content\/uploads\/2024\/04\/PvRCw_7a-768x545.jpg","datePublished":"2024-01-11T10:55:51+00:00","dateModified":"2025-04-06T09:28:16+00:00","description":"We have create the best selection of special Offerts Massage in Costa Calma where we combined Oriental and Occidental techniques. Schauen Sie mal","breadcrumb":{"@id":"https:\/\/www.thai-massage-lanna.website\/de\/special-offers-2\/#breadcrumb"},"inLanguage":"de","potentialAction":[{"@type":"ReadAction","target":["https:\/\/www.thai-massage-lanna.website\/de\/special-offers-2\/"]}]},{"@type":"ImageObject","inLanguage":"de","@id":"https:\/\/www.thai-massage-lanna.website\/de\/special-offers-2\/#primaryimage","url":"https:\/\/www.thai-massage-lanna.website\/wp-content\/uploads\/2024\/04\/PvRCw_7a-768x545.jpg","contentUrl":"https:\/\/www.thai-massage-lanna.website\/wp-content\/uploads\/2024\/04\/PvRCw_7a-768x545.jpg"},{"@type":"BreadcrumbList","@id":"https:\/\/www.thai-massage-lanna.website\/de\/special-offers-2\/#breadcrumb","itemListElement":[{"@type":"ListItem","position":1,"name":"Home","item":"https:\/\/www.thai-massage-lanna.website\/de\/"},{"@type":"ListItem","position":2,"name":"Special Offers"}]},{"@type":"WebSite","@id":"https:\/\/www.thai-massage-lanna.website\/de\/#website","url":"https:\/\/www.thai-massage-lanna.website\/de\/","name":"Thai Lanna Massage","description":"Relax and therapeutic center","publisher":{"@id":"https:\/\/www.thai-massage-lanna.website\/de\/#organization"},"potentialAction":[{"@type":"SearchAction","target":{"@type":"EntryPoint","urlTemplate":"https:\/\/www.thai-massage-lanna.website\/de\/?s={search_term_string}"},"query-input":{"@type":"PropertyValueSpecification","valueRequired":true,"valueName":"search_term_string"}}],"inLanguage":"de"},{"@type":"Organization","@id":"https:\/\/www.thai-massage-lanna.website\/de\/#organization","name":"Thai Lanna Massage","url":"https:\/\/www.thai-massage-lanna.website\/de\/","logo":{"@type":"ImageObject","inLanguage":"de","@id":"https:\/\/www.thai-massage-lanna.website\/de\/#\/schema\/logo\/image\/","url":"https:\/\/www.thai-massage-lanna.website\/wp-content\/uploads\/2021\/10\/cropped-Logo-Thai-Ranna-Spa-1.png","contentUrl":"https:\/\/www.thai-massage-lanna.website\/wp-content\/uploads\/2021\/10\/cropped-Logo-Thai-Ranna-Spa-1.png","width":210,"height":172,"caption":"Thai Lanna Massage"},"image":{"@id":"https:\/\/www.thai-massage-lanna.website\/de\/#\/schema\/logo\/image\/"},"sameAs":["https:\/\/www.facebook.com\/Noottida2020\/","https:\/\/www.instagram.com\/thai_lanna_massage_studio\/"]}]}},"_links":{"self":[{"href":"https:\/\/www.thai-massage-lanna.website\/de\/wp-json\/wp\/v2\/pages\/1214","targetHints":{"allow":["GET"]}}],"collection":[{"href":"https:\/\/www.thai-massage-lanna.website\/de\/wp-json\/wp\/v2\/pages"}],"about":[{"href":"https:\/\/www.thai-massage-lanna.website\/de\/wp-json\/wp\/v2\/types\/page"}],"author":[{"embeddable":true,"href":"https:\/\/www.thai-massage-lanna.website\/de\/wp-json\/wp\/v2\/users\/1"}],"replies":[{"embeddable":true,"href":"https:\/\/www.thai-massage-lanna.website\/de\/wp-json\/wp\/v2\/comments?post=1214"}],"version-history":[{"count":6,"href":"https:\/\/www.thai-massage-lanna.website\/de\/wp-json\/wp\/v2\/pages\/1214\/revisions"}],"predecessor-version":[{"id":1622,"href":"https:\/\/www.thai-massage-lanna.website\/de\/wp-json\/wp\/v2\/pages\/1214\/revisions\/1622"}],"wp:attachment":[{"href":"https:\/\/www.thai-massage-lanna.website\/de\/wp-json\/wp\/v2\/media?parent=1214"}],"curies":[{"name":"wp","href":"https:\/\/api.w.org\/{rel}","templated":true}]}}